{"id":1259,"date":"2017-09-08T09:20:18","date_gmt":"2017-09-08T06:20:18","guid":{"rendered":"http:\/\/localhost\/wordpress\/?page_id=1259"},"modified":"2022-03-22T19:16:29","modified_gmt":"2022-03-22T16:16:29","slug":"ispozisyon","status":"publish","type":"page","link":"https:\/\/taskinlar.com.tr\/en\/kariyer\/ispozisyon\/","title":{"rendered":"Job Positions"},"content":{"rendered":"<div class=\"wpb-content-wrapper\">\t\t<div class=\"vc_row wpb_row vc_row-fluid wpb_animate_when_almost_visible wpb_top-to-bottom top-to-bottom\">\n            \t\t\t\t\t\t\t<div class=\"gf-container container\">\n\t\t\t\t\t\t\t\t<div class=\"wpb_column vc_column_container vc_col-sm-12 vc_col-md-offset-1 vc_col-md-10\"><div class=\"vc_column-inner\"><div class=\"wpb_wrapper\">\t<table class=\"gf-job-position\">\n\t\t<tr class=\"gf-jp-title\">\n\t\t\t\t\t\t\t<th>Job Title<\/th>\n\t\t\t\t\t\t\t<th>Department<\/th>\n\t\t\t\t\t\t\t<th>Day<\/th>\n\t\t\t\t\t<\/tr>\n\t\t\t\t\t\t\t\t\t<tr class=\"gf-jp-content-row\">\n\t\t\t\t\t<td data-title=\"job_position\"><\/td>\n\t\t\t\t\t<td data-title=\"text_department\"><\/td>\n\t\t\t\t\t<td data-title=\"time\"><\/td>\n\t\t\t\t<\/tr>\n\t\t\t\t\t\t\t<tr class=\"gf-jp-content-row\">\n\t\t\t\t\t<td data-title=\"job_position\"><\/td>\n\t\t\t\t\t<td data-title=\"text_department\"><\/td>\n\t\t\t\t\t<td data-title=\"time\"><\/td>\n\t\t\t\t<\/tr>\n\t\t\t\t\t\t\t<tr class=\"gf-jp-content-row\">\n\t\t\t\t\t<td data-title=\"job_position\"><\/td>\n\t\t\t\t\t<td data-title=\"text_department\"><\/td>\n\t\t\t\t\t<td data-title=\"time\"><\/td>\n\t\t\t\t<\/tr>\n\t\t\t\t\t\t\t<tr class=\"gf-jp-content-row\">\n\t\t\t\t\t<td data-title=\"job_position\"><\/td>\n\t\t\t\t\t<td data-title=\"text_department\"><\/td>\n\t\t\t\t\t<td data-title=\"time\"><\/td>\n\t\t\t\t<\/tr>\n\t\t\t\t\t\t\t<tr class=\"gf-jp-content-row\">\n\t\t\t\t\t<td data-title=\"job_position\"><\/td>\n\t\t\t\t\t<td data-title=\"text_department\"><\/td>\n\t\t\t\t\t<td data-title=\"time\"><\/td>\n\t\t\t\t<\/tr>\n\t\t\t\t\t\t<\/table>\n<div class=\"vc_empty_space\"   style=\"height: 100px\"><span class=\"vc_empty_space_inner\"><\/span><\/div><div class=\"btn-container text-right\">\n\t\t\t<a class=\"btn btn-primary btn-classic btn-rounded btn-sm\" href=\"https:\/\/taskinlar.com.tr\/en\/kariyer\/basvuruform\/\" title=\"General Application Form\">General Application Form<\/a>\n\t<\/div>\n\n<\/div><\/div><\/div>\t\t\t\t\t\t\t<\/div>\n\t\t\t\n\t\t<\/div>\n\n<\/div>","protected":false},"excerpt":{"rendered":"\u0130\u015f \u0130lan\u0131 Ba\u015fl\u0131\u011f\u0131 Departman G\u00fcn Ba\u015fvuru Yap","protected":false},"author":1,"featured_media":0,"parent":871,"menu_order":0,"comment_status":"closed","ping_status":"closed","template":"","meta":{"footnotes":""},"class_list":["post-1259","page","type-page","status-publish","hentry"],"_links":{"self":[{"href":"https:\/\/taskinlar.com.tr\/en\/wp-json\/wp\/v2\/pages\/1259","targetHints":{"allow":["GET"]}}],"collection":[{"href":"https:\/\/taskinlar.com.tr\/en\/wp-json\/wp\/v2\/pages"}],"about":[{"href":"https:\/\/taskinlar.com.tr\/en\/wp-json\/wp\/v2\/types\/page"}],"author":[{"embeddable":true,"href":"https:\/\/taskinlar.com.tr\/en\/wp-json\/wp\/v2\/users\/1"}],"replies":[{"embeddable":true,"href":"https:\/\/taskinlar.com.tr\/en\/wp-json\/wp\/v2\/comments?post=1259"}],"version-history":[{"count":0,"href":"https:\/\/taskinlar.com.tr\/en\/wp-json\/wp\/v2\/pages\/1259\/revisions"}],"up":[{"embeddable":true,"href":"https:\/\/taskinlar.com.tr\/en\/wp-json\/wp\/v2\/pages\/871"}],"wp:attachment":[{"href":"https:\/\/taskinlar.com.tr\/en\/wp-json\/wp\/v2\/media?parent=1259"}],"curies":[{"name":"wp","href":"https:\/\/api.w.org\/{rel}","templated":true}]}}