{"id":252,"date":"2017-07-27T06:27:33","date_gmt":"2017-07-27T03:27:33","guid":{"rendered":"http:\/\/localhost\/wordpress\/?page_id=252"},"modified":"2022-03-23T12:57:27","modified_gmt":"2022-03-23T09:57:27","slug":"faaliyetalani","status":"publish","type":"page","link":"https:\/\/taskinlar.com.tr\/en\/faaliyetalani\/","title":{"rendered":"Our Activity Areas"},"content":{"rendered":"<div class=\"wpb-content-wrapper\"><div class=\"vc_row wpb_row vc_row-fluid\">\n            \t\t\t\t\t\t\t<div class=\"gf-container container\">\n\t\t\t\t\t\t\t\t<div class=\"wpb_animate_when_almost_visible wpb_bottom-to-top bottom-to-top wpb_column vc_column_container vc_col-sm-4\"><div class=\"vc_column-inner\"><div class=\"wpb_wrapper\">\n\t<div  class=\"wpb_single_image wpb_content_element vc_align_center wpb_content_element\">\n\t\t\n\t\t<figure class=\"wpb_wrapper vc_figure\">\n\t\t\t<div class=\"vc_single_image-wrapper vc_box_shadow_3d  vc_box_border_grey\"><img decoding=\"async\" class=\"vc_single_image-img lazyload\" data-src=\"https:\/\/taskinlar.com.tr\/wp-content\/uploads\/2021\/02\/03135549-261b-4a63-a27a-ddc42120e7ff-400x200.jpg\" width=\"400\" height=\"200\" alt=\"03135549-261b-4a63-a27a-ddc42120e7ff\" title=\"03135549-261b-4a63-a27a-ddc42120e7ff\" src=\"data:image\/svg+xml;base64,PHN2ZyB3aWR0aD0iMSIgaGVpZ2h0PSIxIiB4bWxucz0iaHR0cDovL3d3dy53My5vcmcvMjAwMC9zdmciPjwvc3ZnPg==\" style=\"--smush-placeholder-width: 400px; --smush-placeholder-aspect-ratio: 400\/200;\" \/><\/div>\n\t\t<\/figure>\n\t<\/div>\n<div class=\"gf-heading text-center gf-heading-normal\">\n\t\t\t<p class=\"heading_subtitle accent-color heading-top\"><\/p>\n\t\t<h5 class=\"heading_title\" ><\/p>\n<h5><strong class=\"uppercase\">Urban Transformation<\/strong><\/h5>\n<p><\/h5>\n\t\t\n<\/div>\n<\/div><\/div><\/div><div class=\"wpb_animate_when_almost_visible wpb_bottom-to-top bottom-to-top wpb_column vc_column_container vc_col-sm-4\"><div class=\"vc_column-inner\"><div class=\"wpb_wrapper\">\n\t<div  class=\"wpb_single_image wpb_content_element vc_align_center wpb_content_element\">\n\t\t\n\t\t<figure class=\"wpb_wrapper vc_figure\">\n\t\t\t<div class=\"vc_single_image-wrapper vc_box_shadow_3d  vc_box_border_grey\"><img decoding=\"async\" class=\"vc_single_image-img lazyload\" data-src=\"https:\/\/taskinlar.com.tr\/wp-content\/uploads\/2021\/02\/c97c7784-b1a5-4dbe-90fb-a980c8c90cec-400x200.jpg\" width=\"400\" height=\"200\" alt=\"c97c7784-b1a5-4dbe-90fb-a980c8c90cec\" title=\"c97c7784-b1a5-4dbe-90fb-a980c8c90cec\" src=\"data:image\/svg+xml;base64,PHN2ZyB3aWR0aD0iMSIgaGVpZ2h0PSIxIiB4bWxucz0iaHR0cDovL3d3dy53My5vcmcvMjAwMC9zdmciPjwvc3ZnPg==\" style=\"--smush-placeholder-width: 400px; --smush-placeholder-aspect-ratio: 400\/200;\" \/><\/div>\n\t\t<\/figure>\n\t<\/div>\n<div class=\"gf-heading text-center gf-heading-normal\">\n\t\t\t<p class=\"heading_subtitle accent-color heading-top\"><\/p>\n\t\t<h5 class=\"heading_title\" ><\/p>\n<h5><strong class=\"uppercase\">Educational Structures<\/strong><\/h5>\n<p><\/h5>\n\t\t\n<\/div>\n<\/div><\/div><\/div><div class=\"wpb_animate_when_almost_visible wpb_bottom-to-top bottom-to-top wpb_column vc_column_container vc_col-sm-4\"><div class=\"vc_column-inner\"><div class=\"wpb_wrapper\">\n\t<div  class=\"wpb_single_image wpb_content_element vc_align_center wpb_content_element\">\n\t\t\n\t\t<figure class=\"wpb_wrapper vc_figure\">\n\t\t\t<div class=\"vc_single_image-wrapper vc_box_shadow_3d  vc_box_border_grey\"><img decoding=\"async\" class=\"vc_single_image-img lazyload\" data-src=\"https:\/\/taskinlar.com.tr\/wp-content\/uploads\/2021\/02\/36b26a94-f676-419e-8186-eaa228219533-400x200.jpg\" width=\"400\" height=\"200\" alt=\"36b26a94-f676-419e-8186-eaa228219533\" title=\"36b26a94-f676-419e-8186-eaa228219533\" src=\"data:image\/svg+xml;base64,PHN2ZyB3aWR0aD0iMSIgaGVpZ2h0PSIxIiB4bWxucz0iaHR0cDovL3d3dy53My5vcmcvMjAwMC9zdmciPjwvc3ZnPg==\" style=\"--smush-placeholder-width: 400px; --smush-placeholder-aspect-ratio: 400\/200;\" \/><\/div>\n\t\t<\/figure>\n\t<\/div>\n<div class=\"gf-heading text-center gf-heading-normal\">\n\t\t\t<p class=\"heading_subtitle accent-color heading-top\"><\/p>\n\t\t<h5 class=\"heading_title\" ><\/p>\n<h5><strong class=\"uppercase\">Hospital Buildings<br \/>\n<\/strong><\/h5>\n<p><\/h5>\n\t\t\n<\/div>\n<\/div><\/div><\/div>\t\t\t\t\t\t\t<\/div>\n\t\t\t\n\t\t<\/div>\n\t\t<div class=\"vc_row wpb_row vc_row-fluid\">\n            \t\t\t\t\t\t\t<div class=\"gf-container container\">\n\t\t\t\t\t\t\t\t<div class=\"wpb_animate_when_almost_visible wpb_bottom-to-top bottom-to-top wpb_column vc_column_container vc_col-sm-4\"><div class=\"vc_column-inner\"><div class=\"wpb_wrapper\">\n\t<div  class=\"wpb_single_image wpb_content_element vc_align_center wpb_content_element\">\n\t\t\n\t\t<figure class=\"wpb_wrapper vc_figure\">\n\t\t\t<div class=\"vc_single_image-wrapper vc_box_shadow_3d  vc_box_border_grey\"><img decoding=\"async\" class=\"vc_single_image-img lazyload\" data-src=\"https:\/\/taskinlar.com.tr\/wp-content\/uploads\/2021\/02\/ankarakizilcahamam5-scaled-400x200.jpg\" width=\"400\" height=\"200\" alt=\"ankarakizilcahamam5\" title=\"ankarakizilcahamam5\" src=\"data:image\/svg+xml;base64,PHN2ZyB3aWR0aD0iMSIgaGVpZ2h0PSIxIiB4bWxucz0iaHR0cDovL3d3dy53My5vcmcvMjAwMC9zdmciPjwvc3ZnPg==\" style=\"--smush-placeholder-width: 400px; --smush-placeholder-aspect-ratio: 400\/200;\" \/><\/div>\n\t\t<\/figure>\n\t<\/div>\n<div class=\"gf-heading text-center gf-heading-normal\">\n\t\t\t<p class=\"heading_subtitle accent-color heading-top\"><\/p>\n\t\t<h5 class=\"heading_title\" ><\/p>\n<h5><strong class=\"uppercase\">Collective Housing<br \/>\n<\/strong><\/h5>\n<p><\/h5>\n\t\t\n<\/div>\n<\/div><\/div><\/div><div class=\"wpb_animate_when_almost_visible wpb_bottom-to-top bottom-to-top wpb_column vc_column_container vc_col-sm-4\"><div class=\"vc_column-inner\"><div class=\"wpb_wrapper\">\n\t<div  class=\"wpb_single_image wpb_content_element vc_align_center wpb_content_element\">\n\t\t\n\t\t<figure class=\"wpb_wrapper vc_figure\">\n\t\t\t<div class=\"vc_single_image-wrapper vc_box_shadow_3d  vc_box_border_grey\"><img decoding=\"async\" class=\"vc_single_image-img lazyload\" data-src=\"https:\/\/taskinlar.com.tr\/wp-content\/uploads\/2021\/02\/3c9e0741-9f87-4330-8460-72a64dad3a67-400x200.jpg\" width=\"400\" height=\"200\" alt=\"3c9e0741-9f87-4330-8460-72a64dad3a67\" title=\"3c9e0741-9f87-4330-8460-72a64dad3a67\" src=\"data:image\/svg+xml;base64,PHN2ZyB3aWR0aD0iMSIgaGVpZ2h0PSIxIiB4bWxucz0iaHR0cDovL3d3dy53My5vcmcvMjAwMC9zdmciPjwvc3ZnPg==\" style=\"--smush-placeholder-width: 400px; --smush-placeholder-aspect-ratio: 400\/200;\" \/><\/div>\n\t\t<\/figure>\n\t<\/div>\n<div class=\"gf-heading text-center gf-heading-normal\">\n\t\t\t<p class=\"heading_subtitle accent-color heading-top\"><\/p>\n\t\t<h5 class=\"heading_title\" ><\/p>\n<h5><strong class=\"uppercase\">Public Institutions<br \/>\n<\/strong><\/h5>\n<p><\/h5>\n\t\t\n<\/div>\n<\/div><\/div><\/div><div class=\"wpb_animate_when_almost_visible wpb_bottom-to-top bottom-to-top wpb_column vc_column_container vc_col-sm-4\"><div class=\"vc_column-inner\"><div class=\"wpb_wrapper\">\n\t<div  class=\"wpb_single_image wpb_content_element vc_align_center wpb_content_element\">\n\t\t\n\t\t<figure class=\"wpb_wrapper vc_figure\">\n\t\t\t<div class=\"vc_single_image-wrapper vc_box_shadow_3d  vc_box_border_grey\"><img decoding=\"async\" class=\"vc_single_image-img lazyload\" data-src=\"https:\/\/taskinlar.com.tr\/wp-content\/uploads\/2021\/02\/44cd0490-05cf-42ab-b1b4-f98e166df4f3-400x200.jpg\" width=\"400\" height=\"200\" alt=\"44cd0490-05cf-42ab-b1b4-f98e166df4f3\" title=\"44cd0490-05cf-42ab-b1b4-f98e166df4f3\" src=\"data:image\/svg+xml;base64,PHN2ZyB3aWR0aD0iMSIgaGVpZ2h0PSIxIiB4bWxucz0iaHR0cDovL3d3dy53My5vcmcvMjAwMC9zdmciPjwvc3ZnPg==\" style=\"--smush-placeholder-width: 400px; --smush-placeholder-aspect-ratio: 400\/200;\" \/><\/div>\n\t\t<\/figure>\n\t<\/div>\n<div class=\"gf-heading text-center gf-heading-normal\">\n\t\t\t<p class=\"heading_subtitle accent-color heading-top\"><\/p>\n\t\t<h5 class=\"heading_title\" ><\/p>\n<h5><strong class=\"uppercase\">restoration and reconstruction<br \/>\n<\/strong><\/h5>\n<p><\/h5>\n\t\t\n<\/div>\n<\/div><\/div><\/div>\t\t\t\t\t\t\t<\/div>\n\t\t\t\n\t\t<\/div>\n\t\t<div class=\"vc_row wpb_row vc_row-fluid\">\n            \t\t\t\t\t\t\t<div class=\"gf-container container\">\n\t\t\t\t\t\t\t\t<div class=\"wpb_column vc_column_container vc_col-sm-4\"><div class=\"vc_column-inner\"><div class=\"wpb_wrapper\"><\/div><\/div><\/div><div class=\"wpb_animate_when_almost_visible wpb_bottom-to-top bottom-to-top wpb_column vc_column_container vc_col-sm-4\"><div class=\"vc_column-inner\"><div class=\"wpb_wrapper\">\n\t<div  class=\"wpb_single_image wpb_content_element vc_align_center wpb_content_element\">\n\t\t\n\t\t<figure class=\"wpb_wrapper vc_figure\">\n\t\t\t<div class=\"vc_single_image-wrapper vc_box_shadow_3d  vc_box_border_grey\"><img decoding=\"async\" class=\"vc_single_image-img lazyload\" data-src=\"https:\/\/taskinlar.com.tr\/wp-content\/uploads\/2021\/02\/611a42c9-7b01-4208-aa93-7ac407157655-400x200.jpg\" width=\"400\" height=\"200\" alt=\"611a42c9-7b01-4208-aa93-7ac407157655\" title=\"611a42c9-7b01-4208-aa93-7ac407157655\" src=\"data:image\/svg+xml;base64,PHN2ZyB3aWR0aD0iMSIgaGVpZ2h0PSIxIiB4bWxucz0iaHR0cDovL3d3dy53My5vcmcvMjAwMC9zdmciPjwvc3ZnPg==\" style=\"--smush-placeholder-width: 400px; --smush-placeholder-aspect-ratio: 400\/200;\" \/><\/div>\n\t\t<\/figure>\n\t<\/div>\n<div class=\"gf-heading text-center gf-heading-normal\">\n\t\t\t<p class=\"heading_subtitle accent-color heading-top\"><\/p>\n\t\t<h5 class=\"heading_title\" ><\/p>\n<h5><strong class=\"uppercase\">infrastructure constructions<br \/>\n<\/strong><\/h5>\n<p><\/h5>\n\t\t\n<\/div>\n<\/div><\/div><\/div><div class=\"wpb_column vc_column_container vc_col-sm-4\"><div class=\"vc_column-inner\"><div class=\"wpb_wrapper\"><\/div><\/div><\/div>\t\t\t\t\t\t\t<\/div>\n\t\t\t\n\t\t<\/div>\n<\/div>","protected":false},"excerpt":{"rendered":"Kentsel d\u00f6n\u00fc\u015f\u00fcm E\u011fitim yap\u0131lar\u0131 Hastahane yap\u0131lar\u0131 Toplu konutlar Kamu kurumlar\u0131 restorasyon ve yeniden yap\u0131m altyap\u0131 in\u015faatlar\u0131","protected":false},"author":1,"featured_media":0,"parent":0,"menu_order":0,"comment_status":"closed","ping_status":"closed","template":"","meta":{"footnotes":""},"class_list":["post-252","page","type-page","status-publish","hentry"],"_links":{"self":[{"href":"https:\/\/taskinlar.com.tr\/en\/wp-json\/wp\/v2\/pages\/252","targetHints":{"allow":["GET"]}}],"collection":[{"href":"https:\/\/taskinlar.com.tr\/en\/wp-json\/wp\/v2\/pages"}],"about":[{"href":"https:\/\/taskinlar.com.tr\/en\/wp-json\/wp\/v2\/types\/page"}],"author":[{"embeddable":true,"href":"https:\/\/taskinlar.com.tr\/en\/wp-json\/wp\/v2\/users\/1"}],"replies":[{"embeddable":true,"href":"https:\/\/taskinlar.com.tr\/en\/wp-json\/wp\/v2\/comments?post=252"}],"version-history":[{"count":0,"href":"https:\/\/taskinlar.com.tr\/en\/wp-json\/wp\/v2\/pages\/252\/revisions"}],"wp:attachment":[{"href":"https:\/\/taskinlar.com.tr\/en\/wp-json\/wp\/v2\/media?parent=252"}],"curies":[{"name":"wp","href":"https:\/\/api.w.org\/{rel}","templated":true}]}}