{"id":254,"date":"2017-07-27T06:27:48","date_gmt":"2017-07-27T03:27:48","guid":{"rendered":"http:\/\/localhost\/wordpress\/?page_id=254"},"modified":"2025-08-18T23:47:11","modified_gmt":"2025-08-18T20:47:11","slug":"iletisim","status":"publish","type":"page","link":"https:\/\/taskinlar.com.tr\/en\/iletisim\/","title":{"rendered":"Contact"},"content":{"rendered":"<div class=\"wpb-content-wrapper\"><div class=\"vc_row wpb_row vc_row-fluid\">\n            \t\t\t\t\t\t\t<div class=\"gf-container container\">\n\t\t\t\t\t\t\t\t<div class=\"wpb_animate_when_almost_visible wpb_top-to-bottom top-to-bottom wpb_column vc_column_container vc_col-sm-6\"><div class=\"vc_column-inner\"><div class=\"wpb_wrapper\"><div class=\"gf-heading text-left gf-heading-normal vc_custom_1755548629344\">\n\t\t\t<p class=\"heading_subtitle accent-color heading-top\"><\/p>\n\t\t<h5 class=\"heading_title\" >Merkez Ofis<\/h5>\n\t\t\n<\/div>\n\n\t<div class=\"wpb_text_column wpb_content_element vc_custom_1755548645912\" >\n\t\t<div class=\"wpb_wrapper\">\n\t\t\t<h4 class=\"fs-22 mg-top-0 mg-bottom-10\"><span class=\"gsf-accent-text\">Contact information<\/span><\/h4>\n\n\t\t<\/div>\n\t<\/div>\n<div  class=\"wpb_widgetised_column wpb_content_element\">\n\t\t<div class=\"wpb_wrapper\">\n\t\t\t\n\t\t\t<aside id=\"gsf-info_box-5\" class=\"contact-info widget widget-info_box\">\t\t\t\n\t\t\t\t\t\t<ul class=\"item-display-block\">\n\t\t\t\t\t\t\t\t<li>\n\t\t\t\t\t\t\t\t\t\t\t<div class=\"info-shape accent-color background fs-23\">\n\t\t\t\t\t\t\t<div class=\"icon\"><i class=\"fa fa-home\"><\/i><\/div>\n\t\t\t\t\t\t<\/div>\n\t\t\t\t\t\t\t\t\t\t\n\t\t\t\t\t\t\t\t\t\t\t<div class=\"info-content\">\n\t\t\t\t\t\t\t\n\t\t\t\t\t\t\t\t\t\t\t\t\t\t\t<h6 class=\"uppercase\"> Address:<\/h6>\n\t\t\t\t\t\t\t\t\t\t\t\t\t\t\n\t\t\t\t\t\t\t\t\t\t\t\t\t\t\t<p> Oru\u00e7reis Mh. Tekstilkent Cad. Tekstilkent Ticaret Merkezi \u0130\u015fhan\u0131<br>Blok No:10-AM\/201 <br>Esenler\/ \u0130STANBUL <\/p>\n\t\t\t\t\t\t\t\t\t\t\t\t\t\n\t\t\t\t\t\t<\/div>\n\t\t\t\t\t\t\t\t\t<\/li>\n\t\t\t\t\t\t\t\t\t<li>\n\t\t\t\t\t\t\t\t\t\t\t<div class=\"info-shape accent-color background fs-23\">\n\t\t\t\t\t\t\t<div class=\"icon\"><i class=\"fa fa-volume-control-phone\"><\/i><\/div>\n\t\t\t\t\t\t<\/div>\n\t\t\t\t\t\t\t\t\t\t\n\t\t\t\t\t\t\t\t\t\t\t<div class=\"info-content\">\n\t\t\t\t\t\t\t\n\t\t\t\t\t\t\t\t\t\t\t\t\t\t\t<h6 class=\"uppercase\"> Telephone:<\/h6>\n\t\t\t\t\t\t\t\t\t\t\t\t\t\t\n\t\t\t\t\t\t\t\t\t\t\t\t\t\t\t<p> +90 212 557 43 35 <br \/>+90 212 505 39 70 <\/p>\n\t\t\t\t\t\t\t\t\t\t\t\t\t\n\t\t\t\t\t\t<\/div>\n\t\t\t\t\t\t\t\t\t<\/li>\n\t\t\t\t\t\t\t\t\t<li>\n\t\t\t\t\t\t\t\t\t\t\t<div class=\"info-shape accent-color background fs-23\">\n\t\t\t\t\t\t\t<div class=\"icon\"><i class=\"fa fa-envelope-o\"><\/i><\/div>\n\t\t\t\t\t\t<\/div>\n\t\t\t\t\t\t\t\t\t\t\n\t\t\t\t\t\t\t\t\t\t\t<div class=\"info-content\">\n\t\t\t\t\t\t\t\n\t\t\t\t\t\t\t\t\t\t\t\t\t\t\t<h6 class=\"uppercase\"> E-mail address:<\/h6>\n\t\t\t\t\t\t\t\t\t\t\t\t\t\t\n\t\t\t\t\t\t\t\t\t\t\t\t\t\t\t<p> info@taskinlar.com.tr<\/p>\n\t\t\t\t\t\t\t\t\t\t\t\t\t\n\t\t\t\t\t\t<\/div>\n\t\t\t\t\t\t\t\t\t<\/li>\n\t\t\t\t\t\t\t\t<\/ul>\n\t\t\t<\/aside>\n\t\t<\/div>\n\t<\/div>\n\n\t<div class=\"wpb_raw_code wpb_raw_html wpb_content_element\" >\n\t\t<div class=\"wpb_wrapper\">\n\t\t\t<iframe data-src=\"https:\/\/www.google.com\/maps\/embed?pb=!1m18!1m12!1m3!1d3008.1577080282486!2d28.862723816130956!3d41.06554522384651!2m3!1f0!2f0!3f0!3m2!1i1024!2i768!4f13.1!3m3!1m2!1s0x14cab00130f78c3d%3A0xadd726be00adcedc!2zVEHFnktJTkxBUiDEsE7FnkFBVCBUQUFISMOcVCBWRSBUxLBDQVJFVCBBLsWeLg!5e0!3m2!1str!2str!4v1614816073323!5m2!1str!2str\" width=\"550\" height=\"550\" style=\"border:0;\" allowfullscreen=\"\" src=\"data:image\/svg+xml;base64,PHN2ZyB3aWR0aD0iMSIgaGVpZ2h0PSIxIiB4bWxucz0iaHR0cDovL3d3dy53My5vcmcvMjAwMC9zdmciPjwvc3ZnPg==\" class=\"lazyload\" data-load-mode=\"1\"><\/iframe>\n\t\t<\/div>\n\t<\/div>\n<\/div><\/div><\/div><div class=\"wpb_animate_when_almost_visible wpb_top-to-bottom top-to-bottom wpb_column vc_column_container vc_col-sm-6\"><div class=\"vc_column-inner\"><div class=\"wpb_wrapper\"><div class=\"gf-heading text-left gf-heading-normal vc_custom_1755548613922\">\n\t\t\t<p class=\"heading_subtitle accent-color heading-top\"><\/p>\n\t\t<h5 class=\"heading_title\" >Kentsel D\u00f6n\u00fc\u015f\u00fcm Ofisi<\/h5>\n\t\t\n<\/div>\n\n\t<div class=\"wpb_text_column wpb_content_element vc_custom_1755548602070\" >\n\t\t<div class=\"wpb_wrapper\">\n\t\t\t<h4 class=\"fs-22 mg-top-0 mg-bottom-10\"><span class=\"gsf-accent-text\">Contact information<\/span><\/h4>\n\n\t\t<\/div>\n\t<\/div>\n<div  class=\"wpb_widgetised_column wpb_content_element\">\n\t\t<div class=\"wpb_wrapper\">\n\t\t\t\n\t\t\t<aside id=\"gsf-info_box-11\" class=\"contact-info widget widget-info_box\">\t\t\t\n\t\t\t\t\t\t<ul class=\"item-display-block\">\n\t\t\t\t\t\t\t\t<li>\n\t\t\t\t\t\t\t\t\t\t\t<div class=\"info-shape accent-color background fs-23\">\n\t\t\t\t\t\t\t<div class=\"icon\"><i class=\"fa fa-home\"><\/i><\/div>\n\t\t\t\t\t\t<\/div>\n\t\t\t\t\t\t\t\t\t\t\n\t\t\t\t\t\t\t\t\t\t\t<div class=\"info-content\">\n\t\t\t\t\t\t\t\n\t\t\t\t\t\t\t\t\t\t\t\t\t\t\t<h6 class=\"uppercase\"> Address:<\/h6>\n\t\t\t\t\t\t\t\t\t\t\t\t\t\t\n\t\t\t\t\t\t\t\t\t\t\t\t\t\t\t<p> Bah\u00e7elievler Mahallesi \u0130zzettin \u00c7al\u0131\u015flar Caddesi<br>No: 58 Daire 9<br>Bah\u00e7elievler \/ \u0130STANBUL <\/p>\n\t\t\t\t\t\t\t\t\t\t\t\t\t\n\t\t\t\t\t\t<\/div>\n\t\t\t\t\t\t\t\t\t<\/li>\n\t\t\t\t\t\t\t\t\t<li>\n\t\t\t\t\t\t\t\t\t\t\t<div class=\"info-shape accent-color background fs-23\">\n\t\t\t\t\t\t\t<div class=\"icon\"><i class=\"fa fa-volume-control-phone\"><\/i><\/div>\n\t\t\t\t\t\t<\/div>\n\t\t\t\t\t\t\t\t\t\t\n\t\t\t\t\t\t\t\t\t\t\t<div class=\"info-content\">\n\t\t\t\t\t\t\t\n\t\t\t\t\t\t\t\t\t\t\t\t\t\t\t<h6 class=\"uppercase\"> Telephone:<\/h6>\n\t\t\t\t\t\t\t\t\t\t\t\t\t\t\n\t\t\t\t\t\t\t\t\t\t\t\t\t\t\t<p> +90 (507) 186 61 61\n<\/p>\n\t\t\t\t\t\t\t\t\t\t\t\t\t\n\t\t\t\t\t\t<\/div>\n\t\t\t\t\t\t\t\t\t<\/li>\n\t\t\t\t\t\t\t\t\t<li>\n\t\t\t\t\t\t\t\t\t\t\t<div class=\"info-shape accent-color background fs-23\">\n\t\t\t\t\t\t\t<div class=\"icon\"><i class=\"fa fa-envelope-o\"><\/i><\/div>\n\t\t\t\t\t\t<\/div>\n\t\t\t\t\t\t\t\t\t\t\n\t\t\t\t\t\t\t\t\t\t\t<div class=\"info-content\">\n\t\t\t\t\t\t\t\n\t\t\t\t\t\t\t\t\t\t\t\t\t\t\t<h6 class=\"uppercase\"> E-mail address:<\/h6>\n\t\t\t\t\t\t\t\t\t\t\t\t\t\t\n\t\t\t\t\t\t\t\t\t\t\t\t\t\t\t<p> kentsel@taskinlar.com.tr<\/p>\n\t\t\t\t\t\t\t\t\t\t\t\t\t\n\t\t\t\t\t\t<\/div>\n\t\t\t\t\t\t\t\t\t<\/li>\n\t\t\t\t\t\t\t\t<\/ul>\n\t\t\t<\/aside>\n\t\t<\/div>\n\t<\/div>\n\n\t<div class=\"wpb_raw_code wpb_raw_html wpb_content_element\" >\n\t\t<div class=\"wpb_wrapper\">\n\t\t\t<iframe data-src=\"https:\/\/www.google.com\/maps\/embed?pb=!1m18!1m12!1m3!1d3011.195180134396!2d28.869923200000002!3d40.999100999999996!2m3!1f0!2f0!3f0!3m2!1i1024!2i768!4f13.1!3m3!1m2!1s0x14cabb435503412d%3A0x8f7c8f703177f1fc!2zVGHFn2vEsW5sYXIgxLBuxZ9hYXQgS2VudHNlbCBEw7Zuw7zFn8O8bQ!5e0!3m2!1str!2str!4v1755531888111!5m2!1str!2str\" width=\"550\" height=\"550\" style=\"border:0;\" allowfullscreen=\"\" referrerpolicy=\"no-referrer-when-downgrade\" src=\"data:image\/svg+xml;base64,PHN2ZyB3aWR0aD0iMSIgaGVpZ2h0PSIxIiB4bWxucz0iaHR0cDovL3d3dy53My5vcmcvMjAwMC9zdmciPjwvc3ZnPg==\" class=\"lazyload\" data-load-mode=\"1\"><\/iframe>\n\t\t<\/div>\n\t<\/div>\n<\/div><\/div><\/div>\t\t\t\t\t\t\t<\/div>\n\t\t\t\n\t\t<\/div>\n\t\t<div class=\"vc_row wpb_row vc_row-fluid wpb_animate_when_almost_visible wpb_right-to-left right-to-left\">\n            \t\t\t\t\t\t\t<div class=\"gf-container container\">\n\t\t\t\t\t\t\t\t<div class=\"wpb_column vc_column_container vc_col-sm-12\"><div class=\"vc_column-inner\"><div class=\"wpb_wrapper\">\n\t<div class=\"wpb_text_column wpb_content_element\" >\n\t\t<div class=\"wpb_wrapper\">\n\t\t\t<h5 class=\"fs-13 fw-normal gsf-accent-text mg-top-0 mg-bottom-10\"><\/h5>\n<h4 class=\"fs-24 mg-top-0 mg-bottom-10 uppercase\">Contact us<\/h4>\n\n\t\t<\/div>\n\t<\/div>\n<div class=\"forminator-ui forminator-custom-form forminator-custom-form-2895 forminator-design--flat  forminator_ajax\" data-forminator-render=\"0\" data-form=\"forminator-module-2895\" data-uid=\"69f1acc50ee88\"><br\/><\/div><form\n\t\t\t\tid=\"forminator-module-2895\"\n\t\t\t\tclass=\"forminator-ui forminator-custom-form forminator-custom-form-2895 forminator-design--flat  forminator_ajax\"\n\t\t\t\tmethod=\"post\"\n\t\t\t\tdata-forminator-render=\"0\"\n\t\t\t\tdata-form-id=\"2895\"\n\t\t\t\t data-color-option=\"default\" data-design=\"flat\" data-grid=\"open\" style=\"display: none;\"\n\t\t\t\tdata-uid=\"69f1acc50ee88\" action=\"\"\n\t\t\t><div role=\"alert\" aria-live=\"polite\" class=\"forminator-response-message forminator-error\" aria-hidden=\"true\"><\/div><div class=\"forminator-row\"><div id=\"text-1\" class=\"forminator-field-text forminator-col forminator-col-12\"><div class=\"forminator-field\"><input type=\"text\" name=\"text-1\" value=\"\" placeholder=\"Full Name\" id=\"forminator-field-text-1_69f1acc50ee88\" class=\"forminator-input forminator-name--field\" data-required=\"1\" \/><\/div><\/div><\/div><div class=\"forminator-row\"><div id=\"email-1\" class=\"forminator-field-email forminator-col forminator-col-12\"><div class=\"forminator-field\"><input type=\"email\" name=\"email-1\" value=\"\" placeholder=\"E-mail\" id=\"forminator-field-email-1_69f1acc50ee88\" class=\"forminator-input forminator-email--field\" data-required=\"1\" aria-required=\"true\" autocomplete=\"email\" \/><\/div><\/div><\/div><div class=\"forminator-row\"><div id=\"text-2\" class=\"forminator-field-text forminator-col forminator-col-12\"><div class=\"forminator-field\"><label for=\"forminator-field-text-2_69f1acc50ee88\" id=\"forminator-field-text-2_69f1acc50ee88-label\" class=\"forminator-label\">Subject<\/label><input type=\"text\" name=\"text-2\" value=\"\" placeholder=\"Subject\" id=\"forminator-field-text-2_69f1acc50ee88\" class=\"forminator-input forminator-name--field\" data-required=\"\" \/><\/div><\/div><\/div><div class=\"forminator-row\"><div id=\"textarea-1\" class=\"forminator-field-textarea forminator-col forminator-col-12\"><div class=\"forminator-field\"><textarea name=\"textarea-1\" placeholder=\"Message\" id=\"forminator-field-textarea-1_69f1acc50ee88\" class=\"forminator-textarea\" rows=\"6\" style=\"--forminator-textarea-min-height:140px;\" ><\/textarea><\/div><\/div><\/div><div class=\"forminator-row\"><div id=\"consent-1\" class=\"forminator-field-consent forminator-col forminator-col-12\"><div class=\"forminator-field\"><div class=\"forminator-checkbox__wrapper\"><label id=\"forminator-field-consent-1_69f1acc50ee88__label\" class=\"forminator-checkbox forminator-consent\"><input type=\"checkbox\" name=\"consent-1\" id=\"forminator-field-consent-1_69f1acc50ee88\" value=\"checked\" aria-labelledby=\"forminator-field-consent-1_69f1acc50ee88-label\" aria-describedby=\"forminator-field-consent-1_69f1acc50ee88__description\" data-required=\"true\" aria-required=\"true\" \/><span class=\"forminator-checkbox-box\" aria-hidden=\"true\"><\/span><\/label><div id=\"forminator-field-consent-1_69f1acc50ee88__description\" class=\"forminator-checkbox__label forminator-consent__label\"><p><a href=\"https:\/\/taskinlar.com.tr\/en\/hakkimizda\/kvkk\/#1614633835251-7a9c86ac-2d8f\" target=\"_blank\" rel=\"noopener\">Website Disclosure Text Privacy Policy<\/a> I read it, I approve. \u00a0<\/p><\/div><\/div><\/div><\/div><\/div><div class=\"forminator-row\"><div id=\"captcha-1\" class=\"forminator-field-captcha forminator-col forminator-col-12\"><div class=\"forminator-captcha-left forminator-g-recaptcha\" data-theme=\"light\"  data-sitekey=\"6LfToN0iAAAAAFgnKy90s-la96NFA9SM-xUHkXwO\" data-size=\"normal\"><\/div> <\/div><\/div><input type=\"hidden\" name=\"referer_url\" value=\"\" \/><div class=\"forminator-row forminator-row-last\"><div class=\"forminator-col\"><div class=\"forminator-field\"><button class=\"forminator-button forminator-button-submit btn btn-black\">Send<\/button><\/div><\/div><\/div><input type=\"hidden\" id=\"forminator_nonce\" name=\"forminator_nonce\" value=\"095bf0b9b3\" \/><input type=\"hidden\" name=\"_wp_http_referer\" value=\"\/en\/wp-json\/wp\/v2\/pages\/254\" \/><input type=\"hidden\" name=\"form_id\" value=\"2895\"><input type=\"hidden\" name=\"page_id\" value=\"254\"><input type=\"hidden\" name=\"form_type\" value=\"default\"><input type=\"hidden\" name=\"current_url\" value=\"https:\/\/taskinlar.com.tr\/en\/iletisim\/\"><input type=\"hidden\" name=\"render_id\" value=\"0\"><input type=\"hidden\" name=\"action\" value=\"forminator_submit_form_custom-forms\"><input type=\"hidden\" name=\"trp-form-language\" value=\"en\"\/><\/form><\/div><\/div><\/div>\t\t\t\t\t\t\t<\/div>\n\t\t\t\n\t\t<\/div>\n<\/div>","protected":false},"excerpt":{"rendered":"Merkez Ofis \u0130leti\u015fim Bilgileri Adres: Oru\u00e7reis Mh. Tekstilkent Cad. Tekstilkent Ticaret Merkezi \u0130\u015fhan\u0131Blok No:10-AM\/201 Esenler\/ \u0130STANBUL Telefon: +90 212 557 43 35 +90 212 505 39 70 E-mail Adres: info@taskinlar.com.tr Kentsel D\u00f6n\u00fc\u015f\u00fcm Ofisi \u0130leti\u015fim Bilgileri Adres: Bah\u00e7elievler Mahallesi \u0130zzettin \u00c7al\u0131\u015flar CaddesiNo: 58 Daire 9Bah\u00e7elievler \/ \u0130STANBUL Telefon: +90 (507) 186 61 61 E-mail Adres: kentsel@taskinlar.com.tr [...]","protected":false},"author":1,"featured_media":0,"parent":0,"menu_order":0,"comment_status":"closed","ping_status":"closed","template":"","meta":{"footnotes":""},"class_list":["post-254","page","type-page","status-publish","hentry"],"_links":{"self":[{"href":"https:\/\/taskinlar.com.tr\/en\/wp-json\/wp\/v2\/pages\/254","targetHints":{"allow":["GET"]}}],"collection":[{"href":"https:\/\/taskinlar.com.tr\/en\/wp-json\/wp\/v2\/pages"}],"about":[{"href":"https:\/\/taskinlar.com.tr\/en\/wp-json\/wp\/v2\/types\/page"}],"author":[{"embeddable":true,"href":"https:\/\/taskinlar.com.tr\/en\/wp-json\/wp\/v2\/users\/1"}],"replies":[{"embeddable":true,"href":"https:\/\/taskinlar.com.tr\/en\/wp-json\/wp\/v2\/comments?post=254"}],"version-history":[{"count":6,"href":"https:\/\/taskinlar.com.tr\/en\/wp-json\/wp\/v2\/pages\/254\/revisions"}],"predecessor-version":[{"id":3324,"href":"https:\/\/taskinlar.com.tr\/en\/wp-json\/wp\/v2\/pages\/254\/revisions\/3324"}],"wp:attachment":[{"href":"https:\/\/taskinlar.com.tr\/en\/wp-json\/wp\/v2\/media?parent=254"}],"curies":[{"name":"wp","href":"https:\/\/api.w.org\/{rel}","templated":true}]}}