{"id":256,"date":"2017-07-27T06:28:03","date_gmt":"2017-07-27T03:28:03","guid":{"rendered":"http:\/\/localhost\/wordpress\/?page_id=256"},"modified":"2021-03-02T00:03:05","modified_gmt":"2021-03-01T21:03:05","slug":"sertifikalar","status":"publish","type":"page","link":"https:\/\/taskinlar.com.tr\/en\/hakkimizda\/sertifikalar\/","title":{"rendered":"Certifications"},"content":{"rendered":"<div class=\"wpb-content-wrapper\">\t\t<div class=\"vc_row wpb_row vc_row-fluid vc_row-o-equal-height vc_row-flex\">\n            \t\t\t\t\t\t\t<div class=\"gf-container container\">\n\t\t\t\t\t\t\t\t<div class=\"wpb_animate_when_almost_visible wpb_bottom-to-top bottom-to-top wpb_column vc_column_container vc_col-sm-6 vc_col-md-4 vc_col-sm-offset-0\"><div class=\"vc_column-inner\"><div class=\"wpb_wrapper\"><div class=\"gf-certificates\">\n\t\t\t<div class=\"certificates-image\">\n\t\t\t<img decoding=\"async\" data-src=\"https:\/\/taskinlar.com.tr\/wp-content\/uploads\/2021\/02\/ISO_9001_web.jpg\" alt=\"ISO 9001:2015\" src=\"data:image\/svg+xml;base64,PHN2ZyB3aWR0aD0iMSIgaGVpZ2h0PSIxIiB4bWxucz0iaHR0cDovL3d3dy53My5vcmcvMjAwMC9zdmciPjwvc3ZnPg==\" class=\"lazyload\" style=\"--smush-placeholder-width: 500px; --smush-placeholder-aspect-ratio: 500\/707;\" \/>\n\t\t<\/div>\n\t\t<div class=\"certificates-content\">\n\t\t\t\t\t<h4 class=\"fs-16 fw-normal mg-top-0 mg-bottom-0\">ISO 9001:2015<\/h4>\n\t\t\t\t\t<span class=\"fs-13 accent-color\">Quality Management System<\/span>\n\t\t\t\n\t<\/div>\n\n<\/div><\/div><\/div><\/div><div class=\"xs-mg-top-30 wpb_animate_when_almost_visible wpb_bottom-to-top bottom-to-top wpb_column vc_column_container vc_col-sm-6 vc_col-md-4\"><div class=\"vc_column-inner\"><div class=\"wpb_wrapper\"><div class=\"gf-certificates\">\n\t\t\t<div class=\"certificates-image\">\n\t\t\t<img decoding=\"async\" data-src=\"https:\/\/taskinlar.com.tr\/wp-content\/uploads\/2021\/02\/ISO_14001_web.jpg\" alt=\"ISO 14001:2015\" src=\"data:image\/svg+xml;base64,PHN2ZyB3aWR0aD0iMSIgaGVpZ2h0PSIxIiB4bWxucz0iaHR0cDovL3d3dy53My5vcmcvMjAwMC9zdmciPjwvc3ZnPg==\" class=\"lazyload\" style=\"--smush-placeholder-width: 500px; --smush-placeholder-aspect-ratio: 500\/707;\" \/>\n\t\t<\/div>\n\t\t<div class=\"certificates-content\">\n\t\t\t\t\t<h4 class=\"fs-16 fw-normal mg-top-0 mg-bottom-0\">ISO 14001:2015<\/h4>\n\t\t\t\t\t<span class=\"fs-13 accent-color\">Environmental Management System<\/span>\n\t\t\t\n\t<\/div>\n\n<\/div><\/div><\/div><\/div><div class=\"sm-mg-top-30 wpb_animate_when_almost_visible wpb_bottom-to-top bottom-to-top wpb_column vc_column_container vc_col-sm-6 vc_col-md-4\"><div class=\"vc_column-inner\"><div class=\"wpb_wrapper\"><div class=\"gf-certificates\">\n\t\t\t<div class=\"certificates-image\">\n\t\t\t<img decoding=\"async\" data-src=\"https:\/\/taskinlar.com.tr\/wp-content\/uploads\/2021\/02\/ISO_45001_web.jpg\" alt=\"ISO 45001:2018\" src=\"data:image\/svg+xml;base64,PHN2ZyB3aWR0aD0iMSIgaGVpZ2h0PSIxIiB4bWxucz0iaHR0cDovL3d3dy53My5vcmcvMjAwMC9zdmciPjwvc3ZnPg==\" class=\"lazyload\" style=\"--smush-placeholder-width: 500px; --smush-placeholder-aspect-ratio: 500\/707;\" \/>\n\t\t<\/div>\n\t\t<div class=\"certificates-content\">\n\t\t\t\t\t<h4 class=\"fs-16 fw-normal mg-top-0 mg-bottom-0\">ISO 45001:2018<\/h4>\n\t\t\t\t\t<span class=\"fs-13 accent-color\">Occupational Health and Safety Management System<\/span>\n\t\t\t\n\t<\/div>\n\n<\/div><\/div><\/div><\/div><div class=\"wpb_column vc_column_container vc_col-sm-12\"><div class=\"vc_column-inner\"><div class=\"wpb_wrapper\"><div class=\"g5plus-space space-69f1adef3a459\" data-id=\"69f1adef3a459\" data-tablet=\"60\" data-tablet-portrait=\"50\" data-mobile=\"30\" data-mobile-landscape=\"30\" style=\"clear: both; display: block; height: 80px\"><\/div><\/div><\/div><\/div>\t\t\t\t\t\t\t<\/div>\n\t\t\t\n\t\t<\/div>\n\n<\/div>","protected":false},"excerpt":{"rendered":"ISO 9001:2015 Kalite Y\u00f6netim Sistemi ISO 14001:2015 \u00c7evre Y\u00f6netim Sistemi ISO 45001:2018 \u0130\u015f Sa\u011fl\u0131\u011f\u0131 ve G\u00fcvenli\u011fi Y\u00f6netim Sistemi","protected":false},"author":1,"featured_media":0,"parent":2569,"menu_order":0,"comment_status":"closed","ping_status":"closed","template":"","meta":{"footnotes":""},"class_list":["post-256","page","type-page","status-publish","hentry"],"_links":{"self":[{"href":"https:\/\/taskinlar.com.tr\/en\/wp-json\/wp\/v2\/pages\/256","targetHints":{"allow":["GET"]}}],"collection":[{"href":"https:\/\/taskinlar.com.tr\/en\/wp-json\/wp\/v2\/pages"}],"about":[{"href":"https:\/\/taskinlar.com.tr\/en\/wp-json\/wp\/v2\/types\/page"}],"author":[{"embeddable":true,"href":"https:\/\/taskinlar.com.tr\/en\/wp-json\/wp\/v2\/users\/1"}],"replies":[{"embeddable":true,"href":"https:\/\/taskinlar.com.tr\/en\/wp-json\/wp\/v2\/comments?post=256"}],"version-history":[{"count":0,"href":"https:\/\/taskinlar.com.tr\/en\/wp-json\/wp\/v2\/pages\/256\/revisions"}],"up":[{"embeddable":true,"href":"https:\/\/taskinlar.com.tr\/en\/wp-json\/wp\/v2\/pages\/2569"}],"wp:attachment":[{"href":"https:\/\/taskinlar.com.tr\/en\/wp-json\/wp\/v2\/media?parent=256"}],"curies":[{"name":"wp","href":"https:\/\/api.w.org\/{rel}","templated":true}]}}