{"id":2569,"date":"2021-02-26T15:00:39","date_gmt":"2021-02-26T12:00:39","guid":{"rendered":"http:\/\/localhost\/wordpress\/?page_id=2569"},"modified":"2021-11-15T16:01:03","modified_gmt":"2021-11-15T13:01:03","slug":"hakkimizda","status":"publish","type":"page","link":"https:\/\/taskinlar.com.tr\/en\/hakkimizda\/","title":{"rendered":"About Us"},"content":{"rendered":"<div class=\"wpb-content-wrapper\">\t\t<div class=\"vc_row wpb_row vc_row-fluid vc_row-o-full-height vc_row-o-columns-top vc_row-o-equal-height vc_row-o-content-top vc_row-flex\">\n            \t\t\t\t\t\t\t<div class=\"gf-container container\">\n\t\t\t\t\t\t\t\t<div class=\"wpb_animate_when_almost_visible wpb_top-to-bottom top-to-bottom wpb_column vc_column_container vc_col-sm-8\"><div class=\"vc_column-inner\"><div class=\"wpb_wrapper\"><div  class=\"vc_wp_text wpb_content_element\"><div class=\"widget widget_text\">\t\t\t<div class=\"textwidget\"><\/p>\n<p align=\"justify\">\u00a0\u00a0\u00a0\u00a0 TA\u015eKINLAR \u0130N\u015eAAT A.\u015e olarak Hikayemiz 1954 y\u0131l\u0131nda babam\u0131z \u0130brahim Ta\u015fk\u0131n ile Trabzon\u2019 da ba\u015flad\u0131 ve sonras\u0131nda da kurumsalla\u015farak t\u00fcm yurtta \u00e7al\u0131\u015fmalar\u0131m\u0131za h\u0131z verildi. Alanlar\u0131nda profesyonel teknik personel, deneyimli uzman elemanlar ile tasar\u0131mda, \u00fcretimde, yap\u0131mda, montajda ve i\u015f y\u00f6netiminde kaliteyi \u00f6n planda tutarak taahh\u00fcd\u00fcm\u00fczdeki i\u015fleri zaman\u0131nda, sorunsuz ve en kaliteli \u015fekilde bitirmeyi prensip edindik. Sa\u011fl\u0131kl\u0131, g\u00fcvenli ve \u00e7evreye duyarl\u0131 bir \u00e7al\u0131\u015fma k\u00fclt\u00fcr\u00fc olu\u015fturmak, topluma faydal\u0131 ya\u015fam ve \u00fcretim alanlar\u0131 kurmak ana hedefimiz oldu.<\/p>\n<p>\n<\/div>\n\t\t<\/div><\/div><div  class=\"vc_wp_text wpb_content_element\"><div class=\"widget widget_text\">\t\t\t<div class=\"textwidget\"><\/p>\n<p align=\"justify\">\u00a0\u00a0\u00a0\u00a0 Bu s\u00fcre\u00e7 i\u00e7erisinde kentsel d\u00f6n\u00fc\u015f\u00fcm, toplu konutlar, e\u011fitim yap\u0131lar\u0131, hastane yap\u0131lar\u0131, kamu kurumlar\u0131 altyap\u0131 in\u015faatlar\u0131, restorasyon ve yeniden yap\u0131m \u00e7al\u0131\u015fmalar\u0131 y\u00fcr\u00fct\u00fcld\u00fc. \u00d6zellikle bu s\u00fcre i\u00e7erisinde belediye binalar\u0131, e\u011fitim kurumlar\u0131, sa\u011fl\u0131m kurumlar\u0131, \u00f6zel hizmet binalar\u0131 gibi bir\u00e7ok in\u015faat uygulama \u00e7al\u0131\u015fmalar\u0131 ve proje y\u00f6netimi konusunda organizasyonel bir yap\u0131 kurarak bu alanlarda uzmanla\u015ft\u0131k.Ta\u015fk\u0131nlar \u0130n\u015faat olarak 1 as\u0131ra yakla\u015fan deneyim ve hizmet anlay\u0131\u015f\u0131m\u0131zda hala ilk g\u00fcnk\u00fc heyecan\u0131 ya\u015f\u0131yor; yeni projelerimizde A\u2019dan Z\u2019ye profesyonel destek vermeye devam ediyoruz.<\/p>\n<p>\n<\/div>\n\t\t<\/div><\/div><div class=\"vc_progress_bar wpb_content_element vc_custom_1614630620540  vc_progress-bar-color-bar_grey\" ><div class=\"vc_general vc_single_bar\"><small class=\"vc_label\">Educational Buildings<\/small><span class=\"vc_bar animated striped\" data-percentage-value=\"100\" data-value=\"100\" style=\"background-color: #292e80;\"><\/span><\/div><div class=\"vc_general vc_single_bar\"><small class=\"vc_label\">Hospital Buildings<\/small><span class=\"vc_bar animated striped\" data-percentage-value=\"100\" data-value=\"100\" style=\"background-color: #292e80;\"><\/span><\/div><div class=\"vc_general vc_single_bar\"><small class=\"vc_label\">Public institutions<\/small><span class=\"vc_bar animated striped\" data-percentage-value=\"100\" data-value=\"100\" style=\"background-color: #292e80;\"><\/span><\/div><div class=\"vc_general vc_single_bar\"><small class=\"vc_label\">Mass Housing<\/small><span class=\"vc_bar animated striped\" data-percentage-value=\"100\" data-value=\"100\" style=\"background-color: #292e80;\"><\/span><\/div><div class=\"vc_general vc_single_bar\"><small class=\"vc_label\">Infrastructure Constructions<\/small><span class=\"vc_bar animated striped\" data-percentage-value=\"100\" data-value=\"100\" style=\"background-color: #292e80;\"><\/span><\/div><div class=\"vc_general vc_single_bar\"><small class=\"vc_label\">Restoration and Reconstruction<\/small><span class=\"vc_bar animated striped\" data-percentage-value=\"100\" data-value=\"100\" style=\"background-color: #292e80;\"><\/span><\/div><\/div><div class=\"g5plus-space space-69f1accd6db46\" data-id=\"69f1accd6db46\" data-tablet=\"30\" data-tablet-portrait=\"20\" data-mobile=\"20\" data-mobile-landscape=\"20\" style=\"clear: both; display: block; height: 40px\"><\/div><\/div><\/div><\/div><div class=\"wpb_animate_when_almost_visible wpb_right-to-left right-to-left wpb_column vc_column_container vc_col-sm-4\"><div class=\"vc_column-inner\"><div class=\"wpb_wrapper\"><div class=\"g5plus-space space-69f1accd6de10\" data-id=\"69f1accd6de10\" data-tablet=\"40\" data-tablet-portrait=\"30\" data-mobile=\"30\" data-mobile-landscape=\"30\" style=\"clear: both; display: block; height: 50px\"><\/div>\n\t<div  class=\"wpb_single_image wpb_content_element vc_align_left wpb_content_element\">\n\t\t\n\t\t<figure class=\"wpb_wrapper vc_figure\">\n\t\t\t<div class=\"vc_single_image-wrapper vc_box_rounded  vc_box_border_grey\"><img decoding=\"async\" width=\"450\" height=\"650\" data-src=\"https:\/\/taskinlar.com.tr\/wp-content\/uploads\/2017\/09\/our-team-8.jpg\" class=\"vc_single_image-img attachment-full lazyload\" alt=\"\" title=\"our-team-8\" data-srcset=\"https:\/\/taskinlar.com.tr\/wp-content\/uploads\/2017\/09\/our-team-8.jpg 450w, https:\/\/taskinlar.com.tr\/wp-content\/uploads\/2017\/09\/our-team-8-208x300.jpg 208w\" data-sizes=\"(max-width: 450px) 100vw, 450px\" src=\"data:image\/svg+xml;base64,PHN2ZyB3aWR0aD0iMSIgaGVpZ2h0PSIxIiB4bWxucz0iaHR0cDovL3d3dy53My5vcmcvMjAwMC9zdmciPjwvc3ZnPg==\" style=\"--smush-placeholder-width: 450px; --smush-placeholder-aspect-ratio: 450\/650;\" \/><\/div>\n\t\t<\/figure>\n\t<\/div>\n<div class=\"vc_separator wpb_content_element vc_separator_align_center vc_sep_width_100 vc_sep_pos_align_center vc_separator_no_text vc_sep_color_grey wpb_content_element  wpb_content_element\" ><span class=\"vc_sep_holder vc_sep_holder_l\"><span class=\"vc_sep_line\"><\/span><\/span><span class=\"vc_sep_holder vc_sep_holder_r\"><span class=\"vc_sep_line\"><\/span><\/span>\n<\/div><div  class=\"vc_wp_text wpb_content_element\"><div class=\"widget widget_text\">\t\t\t<div class=\"textwidget\"><\/p>\n<blockquote>\n<p>In line with its total quality goals, our company, which aims to do its work on time without compromising quality and safety, has ISO 9001 Quality Management Certificate, OHSAS 18001 Occupational Health and Safety Management System and ISO 14001 Environmental Management System Certificate.<\/p>\n<\/blockquote>\n<p>\n<\/div>\n\t\t<\/div><\/div><div class=\"vc_separator wpb_content_element vc_separator_align_center vc_sep_width_100 vc_sep_pos_align_center vc_separator_no_text vc_sep_color_grey wpb_content_element  wpb_content_element\" ><span class=\"vc_sep_holder vc_sep_holder_l\"><span class=\"vc_sep_line\"><\/span><\/span><span class=\"vc_sep_holder vc_sep_holder_r\"><span class=\"vc_sep_line\"><\/span><\/span>\n<\/div>\n\t<div  class=\"wpb_single_image wpb_content_element vc_align_center wpb_content_element\">\n\t\t\n\t\t<figure class=\"wpb_wrapper vc_figure\">\n\t\t\t<div class=\"vc_single_image-wrapper   vc_box_border_grey\"><img decoding=\"async\" class=\"vc_single_image-img lazyload\" data-src=\"https:\/\/taskinlar.com.tr\/wp-content\/uploads\/2021\/02\/taskinlarlogoyeni1-450x100.png\" width=\"450\" height=\"100\" alt=\"taskinlarlogoyeni1\" title=\"taskinlarlogoyeni1\" src=\"data:image\/svg+xml;base64,PHN2ZyB3aWR0aD0iMSIgaGVpZ2h0PSIxIiB4bWxucz0iaHR0cDovL3d3dy53My5vcmcvMjAwMC9zdmciPjwvc3ZnPg==\" style=\"--smush-placeholder-width: 450px; --smush-placeholder-aspect-ratio: 450\/100;\" \/><\/div>\n\t\t<\/figure>\n\t<\/div>\n<\/div><\/div><\/div>\t\t\t\t\t\t\t<\/div>\n\t\t\t\n\t\t<\/div>\n\n<\/div>","protected":false},"excerpt":{"rendered":"\u00a0\u00a0\u00a0\u00a0 TA\u015eKINLAR \u0130N\u015eAAT A.\u015e olarak Hikayemiz 1954 y\u0131l\u0131nda babam\u0131z \u0130brahim Ta\u015fk\u0131n ile Trabzon\u2019 da ba\u015flad\u0131 ve sonras\u0131nda da kurumsalla\u015farak t\u00fcm yurtta \u00e7al\u0131\u015fmalar\u0131m\u0131za h\u0131z verildi. Alanlar\u0131nda profesyonel teknik personel, deneyimli uzman elemanlar ile tasar\u0131mda, \u00fcretimde, yap\u0131mda, montajda ve i\u015f y\u00f6netiminde kaliteyi \u00f6n planda tutarak taahh\u00fcd\u00fcm\u00fczdeki i\u015fleri zaman\u0131nda, sorunsuz ve en kaliteli \u015fekilde bitirmeyi prensip edindik. Sa\u011fl\u0131kl\u0131, [...]","protected":false},"author":1,"featured_media":0,"parent":0,"menu_order":0,"comment_status":"closed","ping_status":"closed","template":"","meta":{"footnotes":""},"class_list":["post-2569","page","type-page","status-publish","hentry"],"_links":{"self":[{"href":"https:\/\/taskinlar.com.tr\/en\/wp-json\/wp\/v2\/pages\/2569","targetHints":{"allow":["GET"]}}],"collection":[{"href":"https:\/\/taskinlar.com.tr\/en\/wp-json\/wp\/v2\/pages"}],"about":[{"href":"https:\/\/taskinlar.com.tr\/en\/wp-json\/wp\/v2\/types\/page"}],"author":[{"embeddable":true,"href":"https:\/\/taskinlar.com.tr\/en\/wp-json\/wp\/v2\/users\/1"}],"replies":[{"embeddable":true,"href":"https:\/\/taskinlar.com.tr\/en\/wp-json\/wp\/v2\/comments?post=2569"}],"version-history":[{"count":0,"href":"https:\/\/taskinlar.com.tr\/en\/wp-json\/wp\/v2\/pages\/2569\/revisions"}],"wp:attachment":[{"href":"https:\/\/taskinlar.com.tr\/en\/wp-json\/wp\/v2\/media?parent=2569"}],"curies":[{"name":"wp","href":"https:\/\/api.w.org\/{rel}","templated":true}]}}