{"id":2773,"date":"2021-03-02T00:14:41","date_gmt":"2021-03-01T21:14:41","guid":{"rendered":"http:\/\/localhost\/wordpress\/?page_id=2773"},"modified":"2021-03-05T22:07:39","modified_gmt":"2021-03-05T19:07:39","slug":"oz-degerlerimiz","status":"publish","type":"page","link":"https:\/\/taskinlar.com.tr\/en\/hakkimizda\/oz-degerlerimiz\/","title":{"rendered":"Our Core Values"},"content":{"rendered":"<div class=\"wpb-content-wrapper\"><div class=\"vc_row wpb_row vc_row-fluid vc_custom_1614971244971 vc_row-o-equal-height vc_row-o-content-middle vc_row-flex\">\n            \t\t\t\t\t\t\t<div class=\"gf-container container\">\n\t\t\t\t\t\t\t\t<div class=\"wpb_column vc_column_container vc_col-sm-4 vc_col-md-4\"><div class=\"vc_column-inner\"><div class=\"wpb_wrapper\">\n<div class=\"g5f-icon-box align-center background icon-normal\">\n\t<div class=\"ib-shape\">\n\t\t\t\t\t<div class=\"icon\">\n\t\t\t\t<i class=\"flaticon-tools-1\"><\/i>\n\t\t\t<\/div>\n\t\t\t<\/div>\n\t\t\t<div class=\"ib-content\">\n\t\t\t\t\t\t\t<h4 class=\"heading-color letter-spacing-03 fw-normal\">\n\t\t\t\t\t\t\t\t\t\t\t<a href=\"#\">Delivering Perfection<\/a>\n\t\t\t\t\t\t\t\t\t<\/h4>\n\t\t\t\t\t\t\t<p class=\"letter-spacing-03\">The secret to perfection is hidden in meticulousness. In our company structure where experience is blended with innovation and innovation; We attach importance to every detail in order to offer excellence with a strong organization, efficient teamwork and trust-oriented approach.<\/p>\n\t\t\t\t\t<\/div>\n\t<\/div>\n<\/div><\/div><\/div><div class=\"xs-mg-top-40 wpb_column vc_column_container vc_col-sm-4 vc_col-md-4\"><div class=\"vc_column-inner\"><div class=\"wpb_wrapper\">\n<div class=\"g5f-icon-box align-center background icon-normal\">\n\t<div class=\"ib-shape\">\n\t\t\t\t\t<div class=\"icon\">\n\t\t\t\t<i class=\"flaticon-drawing\"><\/i>\n\t\t\t<\/div>\n\t\t\t<\/div>\n\t\t\t<div class=\"ib-content\">\n\t\t\t\t\t\t\t<h4 class=\"heading-color letter-spacing-03 fw-normal\">\n\t\t\t\t\t\t\t\t\t\t\t<a href=\"#\">Being Honest, Fair and Respectful<\/a>\n\t\t\t\t\t\t\t\t\t<\/h4>\n\t\t\t\t\t\t\t<p class=\"letter-spacing-03\">Honesty, justice and respect have been the basis of our functioning from past to present, the compass of our journey. We prioritize honesty and transparency in our relations with our customers, employees and business partners; We respect social, cultural and political values.<\/p>\n\t\t\t\t\t<\/div>\n\t<\/div>\n<\/div><\/div><\/div><div class=\"sm-mg-top-50 xs-mg-top-40 wpb_column vc_column_container vc_col-sm-4 vc_col-md-4\"><div class=\"vc_column-inner\"><div class=\"wpb_wrapper\">\n<div class=\"g5f-icon-box align-center background icon-normal\">\n\t<div class=\"ib-shape\">\n\t\t\t\t\t<div class=\"icon\">\n\t\t\t\t<i class=\"flaticon-light-bulb-3\"><\/i>\n\t\t\t<\/div>\n\t\t\t<\/div>\n\t\t\t<div class=\"ib-content\">\n\t\t\t\t\t\t\t<h4 class=\"heading-color letter-spacing-03 fw-normal\">\n\t\t\t\t\t\t\t\t\t\t\t<a href=\"#\">Valuing People<\/a>\n\t\t\t\t\t\t\t\t\t<\/h4>\n\t\t\t\t\t\t\t<p class=\"letter-spacing-03\">Our human resource is our biggest capital and determinant of our production quality. With this awareness, it is always our priority to bring in qualified manpower to our group, to increase the productivity of our employees, to enable them to develop, and to provide a working environment dominated by strong cooperation.<\/p>\n\t\t\t\t\t<\/div>\n\t<\/div>\n<\/div><\/div><\/div>\t\t\t\t\t\t\t<\/div>\n\t\t\t\n\t\t<\/div>\n\t\t<div class=\"vc_row wpb_row vc_row-fluid vc_custom_1614971253625 vc_row-o-equal-height vc_row-o-content-middle vc_row-flex\">\n            \t\t\t\t\t\t\t<div class=\"gf-container container\">\n\t\t\t\t\t\t\t\t<div class=\"wpb_column vc_column_container vc_col-sm-4 vc_col-md-4\"><div class=\"vc_column-inner\"><div class=\"wpb_wrapper\">\n<div class=\"g5f-icon-box align-center background icon-normal\">\n\t<div class=\"ib-shape\">\n\t\t\t\t\t<div class=\"icon\">\n\t\t\t\t<i class=\"flaticon-circular-saw\"><\/i>\n\t\t\t<\/div>\n\t\t\t<\/div>\n\t\t\t<div class=\"ib-content\">\n\t\t\t\t\t\t\t<h4 class=\"heading-color letter-spacing-03 fw-normal\">\n\t\t\t\t\t\t\t\t\t\t\t<a href=\"#\">Being Innovative<\/a>\n\t\t\t\t\t\t\t\t\t<\/h4>\n\t\t\t\t\t\t\t<p class=\"letter-spacing-03\">In order to provide the most appropriate service to the changing world and expectations; We constantly update our knowledge, technologies and services. We welcome new ideas, constantly question old habits, we are not afraid of change.<\/p>\n\t\t\t\t\t<\/div>\n\t<\/div>\n<\/div><\/div><\/div><div class=\"xs-mg-top-40 wpb_column vc_column_container vc_col-sm-4 vc_col-md-4\"><div class=\"vc_column-inner\"><div class=\"wpb_wrapper\">\n<div class=\"g5f-icon-box align-center background icon-normal\">\n\t<div class=\"ib-shape\">\n\t\t\t\t\t<div class=\"icon\">\n\t\t\t\t<i class=\"flaticon-cityscape\"><\/i>\n\t\t\t<\/div>\n\t\t\t<\/div>\n\t\t\t<div class=\"ib-content\">\n\t\t\t\t\t\t\t<h4 class=\"heading-color letter-spacing-03 fw-normal\">\n\t\t\t\t\t\t\t\t\t\t\t<a href=\"#\">Feeling Trust<\/a>\n\t\t\t\t\t\t\t\t\t<\/h4>\n\t\t\t\t\t\t\t<p class=\"letter-spacing-03\">Trust is the most important value in our business and the hardest success to earn We have completed every job we have undertaken so far, at the time we promised, with the quality we promised. We do our best to meet the trust in the Kalyon brand.<\/p>\n\t\t\t\t\t<\/div>\n\t<\/div>\n<\/div><\/div><\/div><div class=\"sm-mg-top-50 xs-mg-top-40 wpb_column vc_column_container vc_col-sm-4 vc_col-md-4\"><div class=\"vc_column-inner\"><div class=\"wpb_wrapper\">\n<div class=\"g5f-icon-box align-center background icon-normal\">\n\t<div class=\"ib-shape\">\n\t\t\t\t\t<div class=\"icon\">\n\t\t\t\t<i class=\"flaticon-engineer-1\"><\/i>\n\t\t\t<\/div>\n\t\t\t<\/div>\n\t\t\t<div class=\"ib-content\">\n\t\t\t\t\t\t\t<h4 class=\"heading-color letter-spacing-03 fw-normal\">\n\t\t\t\t\t\t\t\t\t\t\t<a href=\"#\">Thinking about the Future<\/a>\n\t\t\t\t\t\t\t\t\t<\/h4>\n\t\t\t\t\t\t\t<p class=\"letter-spacing-03\">In order to build a better tomorrow for the society, environment and future generations, we place sustainability at the focus of our business strategy and attach importance to the responsible use of resources.<\/p>\n\t\t\t\t\t<\/div>\n\t<\/div>\n<\/div><\/div><\/div>\t\t\t\t\t\t\t<\/div>\n\t\t\t\n\t\t<\/div>\n\t\t<div class=\"vc_row wpb_row vc_row-fluid vc_custom_1614971259035 vc_row-o-equal-height vc_row-o-content-middle vc_row-flex\">\n            \t\t\t\t\t\t\t<div class=\"gf-container container\">\n\t\t\t\t\t\t\t\t<div class=\"wpb_column vc_column_container vc_col-sm-4 vc_col-md-4\"><div class=\"vc_column-inner\"><div class=\"wpb_wrapper\"><\/div><\/div><\/div><div class=\"xs-mg-top-40 wpb_column vc_column_container vc_col-sm-4 vc_col-md-4\"><div class=\"vc_column-inner\"><div class=\"wpb_wrapper\">\n<div class=\"g5f-icon-box align-center background icon-normal\">\n\t<div class=\"ib-shape\">\n\t\t\t\t\t<div class=\"icon\">\n\t\t\t\t<i class=\"flaticon-crane\"><\/i>\n\t\t\t<\/div>\n\t\t\t<\/div>\n\t\t\t<div class=\"ib-content\">\n\t\t\t\t\t\t\t<h4 class=\"heading-color letter-spacing-03 fw-normal\">\n\t\t\t\t\t\t\t\t\t\t\t<a href=\"#\">Creating Social Benefit<\/a>\n\t\t\t\t\t\t\t\t\t<\/h4>\n\t\t\t\t\t\t\t<p class=\"letter-spacing-03\">We never forget our roots, we go beyond just making an economic contribution to the society from which we rise. In our structure where the aim of providing social benefit to our society has become a corporate culture; We always support and invest in contemporary education, sports, science and culture arts.<\/p>\n\t\t\t\t\t<\/div>\n\t<\/div>\n<\/div><\/div><\/div><div class=\"sm-mg-top-50 xs-mg-top-40 wpb_column vc_column_container vc_col-sm-4 vc_col-md-4\"><div class=\"vc_column-inner\"><div class=\"wpb_wrapper\"><\/div><\/div><\/div>\t\t\t\t\t\t\t<\/div>\n\t\t\t\n\t\t<\/div>\n<\/div>","protected":false},"excerpt":{"rendered":"M\u00fckemmeli Sunmak M\u00fckemmelli\u011fin s\u0131rr\u0131, titizlikte sakl\u0131. Deneyimin, yenilik ve inovasyonla harmanland\u0131\u011f\u0131 \u015firket yap\u0131m\u0131zda; g\u00fc\u00e7l\u00fc bir organizasyon, verimli ekip \u00e7al\u0131\u015fmas\u0131 ve g\u00fcven odakl\u0131 yakla\u015f\u0131m\u0131m\u0131z ile m\u00fckemmeli sunmak i\u00e7in her detaya \u00f6nem veririz. D\u00fcr\u00fcst, Adil, Sayg\u0131l\u0131 Olmak D\u00fcr\u00fcstl\u00fck, adalet ve sayg\u0131 d\u00fcnden bug\u00fcne i\u015fleyi\u015fimizin temeli, yolculu\u011fumuzun pusulas\u0131 oldu. M\u00fc\u015fteri, \u00e7al\u0131\u015fan ve i\u015f ortaklar\u0131m\u0131zla ili\u015fkilerimizde d\u00fcr\u00fcstl\u00fck ve \u015feffafl\u0131\u011fa [...]","protected":false},"author":1,"featured_media":0,"parent":2569,"menu_order":0,"comment_status":"closed","ping_status":"closed","template":"","meta":{"footnotes":""},"class_list":["post-2773","page","type-page","status-publish","hentry"],"_links":{"self":[{"href":"https:\/\/taskinlar.com.tr\/en\/wp-json\/wp\/v2\/pages\/2773","targetHints":{"allow":["GET"]}}],"collection":[{"href":"https:\/\/taskinlar.com.tr\/en\/wp-json\/wp\/v2\/pages"}],"about":[{"href":"https:\/\/taskinlar.com.tr\/en\/wp-json\/wp\/v2\/types\/page"}],"author":[{"embeddable":true,"href":"https:\/\/taskinlar.com.tr\/en\/wp-json\/wp\/v2\/users\/1"}],"replies":[{"embeddable":true,"href":"https:\/\/taskinlar.com.tr\/en\/wp-json\/wp\/v2\/comments?post=2773"}],"version-history":[{"count":0,"href":"https:\/\/taskinlar.com.tr\/en\/wp-json\/wp\/v2\/pages\/2773\/revisions"}],"up":[{"embeddable":true,"href":"https:\/\/taskinlar.com.tr\/en\/wp-json\/wp\/v2\/pages\/2569"}],"wp:attachment":[{"href":"https:\/\/taskinlar.com.tr\/en\/wp-json\/wp\/v2\/media?parent=2773"}],"curies":[{"name":"wp","href":"https:\/\/api.w.org\/{rel}","templated":true}]}}