{"id":3228,"date":"2025-04-09T09:03:43","date_gmt":"2025-04-09T06:03:43","guid":{"rendered":"http:\/\/taskinlar.com.tr\/?page_id=3228"},"modified":"2025-04-09T09:09:38","modified_gmt":"2025-04-09T06:09:38","slug":"kalite-politikamiz","status":"publish","type":"page","link":"https:\/\/taskinlar.com.tr\/en\/hakkimizda\/kalite-politikamiz\/","title":{"rendered":"Kalite Politikam\u0131z"},"content":{"rendered":"<div class=\"wpb-content-wrapper\">\t\t<div class=\"vc_row wpb_row vc_row-fluid\">\n            \t\t\t\t\t\t\t<div class=\"gf-container container\">\n\t\t\t\t\t\t\t\t<div class=\"wpb_column vc_column_container vc_col-sm-12\"><div class=\"vc_column-inner\"><div class=\"wpb_wrapper\"><div class=\"vc_tta-container\" data-vc-action=\"collapse\"><div class=\"vc_general vc_tta vc_tta-accordion vc_tta-color-grey vc_tta-style-modern vc_tta-shape-rounded vc_tta-o-shape-group vc_tta-controls-align-default wpb_animate_when_almost_visible wpb_bottom-to-top bottom-to-top\"><div class=\"vc_tta-panels-container\"><div class=\"vc_tta-panels\"><div class=\"vc_tta-panel\" id=\"1614633835239-6de41dff-838b\" data-vc-content=\".vc_tta-panel-body\"><div class=\"vc_tta-panel-heading\"><h4 class=\"vc_tta-panel-title vc_tta-controls-icon-position-left\"><a href=\"#1614633835239-6de41dff-838b\" data-vc-accordion data-vc-container=\".vc_tta-container\"><span class=\"vc_tta-title-text\">Kalite Politikam\u0131z<\/span><i class=\"vc_tta-controls-icon vc_tta-controls-icon-chevron\"><\/i><\/a><\/h4><\/div><div class=\"vc_tta-panel-body\"><div  class=\"vc_wp_text wpb_content_element\"><div class=\"widget widget_text\">\t\t\t<div class=\"textwidget\"><\/p>\n<h4>TA\u015eKINLAR \u0130N\u015eAAT TAAHH\u00dcT VE T\u0130CARET A.\u015e. &#8211;\u00a0 <strong>KAL\u0130TE POL\u0130T\u0130KASI<\/strong><\/h4>\n<p>&nbsp;<\/p>\n<p>Firmam\u0131z ;<\/p>\n<p>&nbsp;<\/p>\n<ul>\n<li>Kalite y\u00f6netim sistemimizin ISO 9001:2015 standard\u0131n\u0131n gereklerini yerine getirecek \u015fekilde dok\u00fcmante edilmesi, belgelendirilmesi ve s\u00fcrekli iyile\u015ftirilmesi,<\/li>\n<\/ul>\n<p>&nbsp;<\/p>\n<ul>\n<li>Toplam Kalite felsefesini esas alarak, tak\u0131m ruhu i\u00e7erisinde \u015firket ve birim hedeflerine ula\u015f\u0131lmas\u0131n\u0131,<\/li>\n<\/ul>\n<p>&nbsp;<\/p>\n<ul>\n<li>\u0130\u015f s\u00fcre\u00e7lerinin \u00f6z de\u011ferlendirme s\u00fcreci ile g\u00f6zden ge\u00e7irilerek, performans\u0131 geli\u015ftirecek \u00f6nleyici yakla\u015f\u0131mlar\u0131n belirlenmesini,<\/li>\n<\/ul>\n<p>&nbsp;<\/p>\n<ul>\n<li>S\u00fcrekli iyile\u015ftirme yakla\u015f\u0131m\u0131 do\u011frultusunda t\u00fcm s\u00fcre\u00e7lerdeki verimlili\u011fin uluslararas\u0131 d\u00fczeyde rekabet edebilecek seviyeye y\u00fckseltilmesini,<\/li>\n<\/ul>\n<p>&nbsp;<\/p>\n<ul>\n<li>Yenilik\u00e7i ve yarat\u0131c\u0131 yakla\u015f\u0131mlar\u0131n cesaretlendirilmesi, teknik ve davran\u0131\u015fsal yetkinlikleri art\u0131racak e\u011fitimlerin ger\u00e7ekle\u015ftirilmesi y\u00f6n\u00fcnde faaliyetleri \u00c7evre, \u0130\u015f Sa\u011fl\u0131\u011f\u0131 ve G\u00fcvenli\u011fi Y\u00f6netim Sistemleri ile birlikte b\u00fct\u00fcnle\u015fik bir \u015fekilde y\u00f6neterek, \u0130n\u015faat sekt\u00f6r\u00fcnde kalite a\u00e7\u0131s\u0131ndan \u00f6nc\u00fcl\u00fc\u011f\u00fc \u00f6rnek bir kurulu\u015f olmak i\u00e7in t\u00fcm g\u00fcc\u00fcyle \u00e7al\u0131\u015fmay\u0131<\/li>\n<\/ul>\n<p>TAAHH\u00dcT ETMEKTED\u0130R.<\/p>\n<p><strong>\u0130lgili web adresi:<\/strong>\u00a0<a href=\"http:\/\/taskinlar.com.tr\/en\/\">http:\/\/taskinlar.com.tr\/<\/a><\/p>\n<h4>POL\u0130T\u0130KANIN Y\u00dcR\u00dcRL\u00dcK TAR\u0130H\u0130<\/h4>\n<p>Politika\u2019n\u0131n i\u015fbu versiyonu\u00a0<strong>01\/03\/2021\u00a0<\/strong>tarihinde \u015eirket Y\u00f6netim Kurulu taraf\u0131ndan onaylanarak y\u00fcr\u00fcrl\u00fc\u011fe girmi\u015ftir.<\/p>\n<\/div>\n\t\t<\/div><\/div><\/div><\/div><div class=\"vc_tta-panel\" id=\"1744178531589-b861498b-144d\" data-vc-content=\".vc_tta-panel-body\"><div class=\"vc_tta-panel-heading\"><h4 class=\"vc_tta-panel-title vc_tta-controls-icon-position-left\"><a href=\"#1744178531589-b861498b-144d\" data-vc-accordion data-vc-container=\".vc_tta-container\"><span class=\"vc_tta-title-text\">\u00c7evre Politikam\u0131z<\/span><i class=\"vc_tta-controls-icon vc_tta-controls-icon-chevron\"><\/i><\/a><\/h4><\/div><div class=\"vc_tta-panel-body\"><div  class=\"vc_wp_text wpb_content_element\"><div class=\"widget widget_text\">\t\t\t<div class=\"textwidget\"><\/p>\n<h4>TA\u015eKINLAR \u0130N\u015eAAT TAAHH\u00dcT VE T\u0130CARET A.\u015e. &#8211;\u00a0 <strong>\u00c7evre POL\u0130T\u0130KASI<\/strong><\/h4>\n<p>&nbsp;<\/p>\n<p>\u00c7evremizi korumak ve s\u00fcreklili\u011fini sa\u011flamak i\u00e7in, t\u00fcm \u00e7evre yasalar\u0131 ve y\u00f6netmeliklerine uyarak \u00e7evre etkilerini kontrol alt\u0131nda tutmak ve etkilerini azaltarak \u00e7evre performans\u0131m\u0131z\u0131 s\u00fcrekli iyile\u015ftirmek ve bu bilinci ger\u00e7ekle\u015ftirerek, gelecek ku\u015faklara ya\u015fan\u0131labilir temiz bir \u00e7evre b\u0131rakmakt\u0131r.<\/p>\n<p>&nbsp;<\/p>\n<ul>\n<li>\u00c7evre ile ilgili t\u00fcm yasal gereklilikler ile m\u00fc\u015fteri gerekliliklerini sa\u011flayarak, s\u00fcrekli geli\u015fim ve iyile\u015ftirme sa\u011flamak.<\/li>\n<\/ul>\n<p>&nbsp;<\/p>\n<ul>\n<li>Proje yat\u0131r\u0131mlar\u0131nda \u00e7evresel etkileri g\u00f6z \u00f6n\u00fcnde bulundurmak.<\/li>\n<\/ul>\n<p>&nbsp;<\/p>\n<ul>\n<li>T\u00fcm at\u0131klar\u0131m\u0131z\u0131 minimuma indirmek, kirlili\u011fi kayna\u011f\u0131nda \u00f6nlemek, m\u00fcmk\u00fcn oldu\u011funca geri kazanmay\u0131, geri kazan\u0131m\u0131 olmayan at\u0131klar\u0131m\u0131z\u0131 \u00e7evreye zarar vermeyecek \u015fekilde bertaraf etmeyi, ettirmeyi b\u00f6ylece \u00e7evre \u00fczerindeki etkilerini azaltmak.<\/li>\n<\/ul>\n<p>&nbsp;<\/p>\n<ul>\n<li>\u00c7al\u0131\u015fanlar\u0131m\u0131za, tedarik\u00e7i ve ta\u015feronlar\u0131m\u0131za \u00e7evre ile ilgili e\u011fitimler vererek onlar\u0131 \u00e7evre konusunda bilin\u00e7lendirmek.<\/li>\n<\/ul>\n<p>&nbsp;<\/p>\n<ul>\n<li>\u00c7evresel performans\u0131m\u0131z\u0131n artmas\u0131 y\u00f6n\u00fcnde \u00e7evre y\u00f6netim sistemimizi s\u00fcrekli iyile\u015ftirmek.<\/li>\n<\/ul>\n<p>&nbsp;<\/p>\n<ul>\n<li>Bu ama\u00e7 ve hedeflere ula\u015fmak i\u00e7in periyodik olarak g\u00f6zden ge\u00e7irmeleri taahh\u00fct etmekteyiz.<\/li>\n<\/ul>\n<p><strong>\u0130lgili web adresi:<\/strong>\u00a0<a href=\"http:\/\/taskinlar.com.tr\/en\/\">http:\/\/taskinlar.com.tr\/<\/a><\/p>\n<h4>XVIII. POL\u0130T\u0130KANIN Y\u00dcR\u00dcRL\u00dcK TAR\u0130H\u0130<\/h4>\n<p>Politika\u2019n\u0131n i\u015fbu versiyonu\u00a0<strong>01\/03\/2021\u00a0<\/strong>tarihinde \u015eirket Y\u00f6netim Kurulu taraf\u0131ndan onaylanarak y\u00fcr\u00fcrl\u00fc\u011fe girmi\u015ftir.<\/p>\n<\/div>\n\t\t<\/div><\/div><\/div><\/div><\/div><\/div><\/div><\/div><\/div><\/div><\/div>\t\t\t\t\t\t\t<\/div>\n\t\t\t\n\t\t<\/div>\n\n<\/div>","protected":false},"excerpt":{"rendered":"Kalite Politikam\u0131z TA\u015eKINLAR \u0130N\u015eAAT TAAHH\u00dcT VE T\u0130CARET A.\u015e. -\u00a0 KAL\u0130TE POL\u0130T\u0130KASI &nbsp; Firmam\u0131z ; &nbsp; Kalite y\u00f6netim sistemimizin ISO 9001:2015 standard\u0131n\u0131n gereklerini yerine getirecek \u015fekilde dok\u00fcmante edilmesi, belgelendirilmesi ve s\u00fcrekli iyile\u015ftirilmesi, &nbsp; Toplam Kalite felsefesini esas alarak, tak\u0131m ruhu i\u00e7erisinde \u015firket ve birim hedeflerine ula\u015f\u0131lmas\u0131n\u0131, &nbsp; \u0130\u015f s\u00fcre\u00e7lerinin \u00f6z de\u011ferlendirme s\u00fcreci ile g\u00f6zden ge\u00e7irilerek, performans\u0131 [...]","protected":false},"author":1,"featured_media":0,"parent":2569,"menu_order":0,"comment_status":"closed","ping_status":"closed","template":"","meta":{"footnotes":""},"class_list":["post-3228","page","type-page","status-publish","hentry"],"_links":{"self":[{"href":"https:\/\/taskinlar.com.tr\/en\/wp-json\/wp\/v2\/pages\/3228","targetHints":{"allow":["GET"]}}],"collection":[{"href":"https:\/\/taskinlar.com.tr\/en\/wp-json\/wp\/v2\/pages"}],"about":[{"href":"https:\/\/taskinlar.com.tr\/en\/wp-json\/wp\/v2\/types\/page"}],"author":[{"embeddable":true,"href":"https:\/\/taskinlar.com.tr\/en\/wp-json\/wp\/v2\/users\/1"}],"replies":[{"embeddable":true,"href":"https:\/\/taskinlar.com.tr\/en\/wp-json\/wp\/v2\/comments?post=3228"}],"version-history":[{"count":4,"href":"https:\/\/taskinlar.com.tr\/en\/wp-json\/wp\/v2\/pages\/3228\/revisions"}],"predecessor-version":[{"id":3233,"href":"https:\/\/taskinlar.com.tr\/en\/wp-json\/wp\/v2\/pages\/3228\/revisions\/3233"}],"up":[{"embeddable":true,"href":"https:\/\/taskinlar.com.tr\/en\/wp-json\/wp\/v2\/pages\/2569"}],"wp:attachment":[{"href":"https:\/\/taskinlar.com.tr\/en\/wp-json\/wp\/v2\/media?parent=3228"}],"curies":[{"name":"wp","href":"https:\/\/api.w.org\/{rel}","templated":true}]}}