{"id":3281,"date":"2025-08-18T17:59:15","date_gmt":"2025-08-18T14:59:15","guid":{"rendered":"https:\/\/taskinlar.com.tr\/?page_id=3281"},"modified":"2025-08-18T18:32:34","modified_gmt":"2025-08-18T15:32:34","slug":"kentsel-donusum-basvuru-formu","status":"publish","type":"page","link":"https:\/\/taskinlar.com.tr\/en\/kentsel-donusum-basvuru-formu\/","title":{"rendered":"Kentsel D\u00f6n\u00fc\u015f\u00fcm Ba\u015fvuru Formu"},"content":{"rendered":"<div class=\"wpb-content-wrapper\"><div class=\"vc_row wpb_row vc_row-fluid\">\n            \t\t\t\t\t\t\t<div class=\"gf-container container\">\n\t\t\t\t\t\t\t\t<div class=\"wpb_column vc_column_container vc_col-sm-12 vc_col-md-offset-1 vc_col-md-10\"><div class=\"vc_column-inner\"><div class=\"wpb_wrapper\"><div class=\"page-title-container heading-color vc_custom_1755531131356\">\n\t    <h1 class=\"mg-top-0 mg-bottom-0 text-center\" style=\"font-size: 30px !important;color: #292c79 !important\"><\/h1>\n<\/div><\/div><\/div><\/div>\t\t\t\t\t\t\t<\/div>\n\t\t\t\n\t\t<\/div>\n\t\t<div class=\"vc_row wpb_row vc_row-fluid\">\n            \t\t\t\t\t\t\t<div class=\"gf-container container\">\n\t\t\t\t\t\t\t\t<div class=\"wpb_column vc_column_container vc_col-sm-12\"><div class=\"vc_column-inner\"><div class=\"wpb_wrapper\"><div class=\"forminator-ui forminator-custom-form forminator-custom-form-3280 forminator-design--flat  forminator_ajax\" data-forminator-render=\"0\" data-form=\"forminator-module-3280\" data-uid=\"69f1adfeb28a5\"><br\/><\/div><form\n\t\t\t\tid=\"forminator-module-3280\"\n\t\t\t\tclass=\"forminator-ui forminator-custom-form forminator-custom-form-3280 forminator-design--flat  forminator_ajax\"\n\t\t\t\tmethod=\"post\"\n\t\t\t\tdata-forminator-render=\"0\"\n\t\t\t\tdata-form-id=\"3280\"\n\t\t\t\t data-color-option=\"theme\" data-design=\"flat\" data-grid=\"open\" style=\"display: none;\"\n\t\t\t\tdata-uid=\"69f1adfeb28a5\" action=\"\"\n\t\t\t><div role=\"alert\" aria-live=\"polite\" class=\"forminator-response-message forminator-error\" aria-hidden=\"true\"><\/div><div class=\"forminator-row\"><div id=\"section-1\" class=\"forminator-field-section forminator-col forminator-col-12\"><div class=\"forminator-field\"><h2 class=\"forminator-title\">Personal Information<\/h2><\/div><\/div><\/div><div class=\"forminator-row\"><div id=\"name-1\" class=\"forminator-field-name forminator-col forminator-col-12\"><div class=\"forminator-row forminator-no-margin\" data-multiple=\"true\"><div class=\"forminator-col forminator-col-md-6\"><div class=\"forminator-field\"><label for=\"forminator-field-first-name-1_69f1adfeb28a5\" id=\"forminator-field-first-name-1_69f1adfeb28a5-label\" class=\"forminator-label\">Name <span class=\"forminator-required\">*<\/span><\/label><input type=\"text\" name=\"name-1-first-name\" placeholder=\"\" id=\"forminator-field-first-name-1_69f1adfeb28a5\" class=\"forminator-input\" aria-required=\"true\" data-multi=\"1\" autocomplete=\"given-name\" value=\"\" \/><\/div><\/div><div class=\"forminator-col forminator-col-md-6\"><div class=\"forminator-field\"><label for=\"forminator-field-last-name-1_69f1adfeb28a5\" id=\"forminator-field-last-name-1_69f1adfeb28a5-label\" class=\"forminator-label\">Surname <span class=\"forminator-required\">*<\/span><\/label><input type=\"text\" name=\"name-1-last-name\" placeholder=\"\" id=\"forminator-field-last-name-1_69f1adfeb28a5\" class=\"forminator-input\" aria-required=\"true\" data-multi=\"1\" autocomplete=\"family-name\" value=\"\" \/><\/div><\/div><\/div><\/div><\/div><div class=\"forminator-row\"><div id=\"email-1\" class=\"forminator-field-email forminator-col forminator-col-6\"><div class=\"forminator-field\"><label for=\"forminator-field-email-1_69f1adfeb28a5\" id=\"forminator-field-email-1_69f1adfeb28a5-label\" class=\"forminator-label\">E-posta Adresiniz <span class=\"forminator-required\">*<\/span><\/label><input type=\"email\" name=\"email-1\" value=\"\" placeholder=\"\" id=\"forminator-field-email-1_69f1adfeb28a5\" class=\"forminator-input forminator-email--field\" data-required=\"1\" aria-required=\"true\" autocomplete=\"email\" \/><\/div><\/div><div id=\"phone-1\" class=\"forminator-field-phone forminator-col forminator-col-6\"><div class=\"forminator-field\"><label for=\"forminator-field-phone-1_69f1adfeb28a5\" id=\"forminator-field-phone-1_69f1adfeb28a5-label\" class=\"forminator-label\">Phone <span class=\"forminator-required\">*<\/span><\/label><input type=\"text\" name=\"phone-1\" value=\"\" placeholder=\"\" id=\"forminator-field-phone-1_69f1adfeb28a5\" class=\"forminator-input forminator-field--phone\" data-required=\"1\" aria-required=\"true\" autocomplete=\"off\" \/><\/div><\/div><\/div><div class=\"forminator-row\"><div id=\"checkbox-1\" class=\"forminator-field-checkbox forminator-col forminator-col-6\"><div role=\"group\" class=\"forminator-field required\" aria-labelledby=\"forminator-checkbox-group-forminator-field-checkbox-1-69f1adfeb28a5-label\"><span id=\"forminator-checkbox-group-forminator-field-checkbox-1-69f1adfeb28a5-label\" class=\"forminator-label\">G\u00f6reviniz <span class=\"forminator-required\">*<\/span><\/span><label id=\"forminator-field-checkbox-1-1-69f1adfeb28a5-label\" for=\"forminator-field-checkbox-1-1-69f1adfeb28a5\" class=\"forminator-checkbox\" title=\"Kat Maliki\"><input type=\"checkbox\" name=\"checkbox-1[]\" value=\"kat-maliki\" id=\"forminator-field-checkbox-1-1-69f1adfeb28a5\" aria-labelledby=\"forminator-field-checkbox-1-1-69f1adfeb28a5-label\" data-calculation=\"0\"   data-hidden-behavior=\"zero\"\/><span class=\"forminator-checkbox-box\" aria-hidden=\"true\"><\/span><span class=\"forminator-checkbox-label\">Kat Maliki<\/span><\/label><label id=\"forminator-field-checkbox-1-2-69f1adfeb28a5-label\" for=\"forminator-field-checkbox-1-2-69f1adfeb28a5\" class=\"forminator-checkbox\" title=\"Heyet \/ Komisyon \u00dcyesi\"><input type=\"checkbox\" name=\"checkbox-1[]\" value=\"heyet\" id=\"forminator-field-checkbox-1-2-69f1adfeb28a5\" aria-labelledby=\"forminator-field-checkbox-1-2-69f1adfeb28a5-label\" data-calculation=\"0\"   data-hidden-behavior=\"zero\"\/><span class=\"forminator-checkbox-box\" aria-hidden=\"true\"><\/span><span class=\"forminator-checkbox-label\">Heyet \/ Komisyon \u00dcyesi<\/span><\/label><label id=\"forminator-field-checkbox-1-3-69f1adfeb28a5-label\" for=\"forminator-field-checkbox-1-3-69f1adfeb28a5\" class=\"forminator-checkbox\" title=\"Apt. veya Site Y\u00f6neticisi\"><input type=\"checkbox\" name=\"checkbox-1[]\" value=\"danisman\" id=\"forminator-field-checkbox-1-3-69f1adfeb28a5\" aria-labelledby=\"forminator-field-checkbox-1-3-69f1adfeb28a5-label\" data-calculation=\"0\"   data-hidden-behavior=\"zero\"\/><span class=\"forminator-checkbox-box\" aria-hidden=\"true\"><\/span><span class=\"forminator-checkbox-label\">Apt. veya Site Y\u00f6neticisi<\/span><\/label><\/div><\/div><div id=\"checkbox-2\" class=\"forminator-field-checkbox forminator-col forminator-col-6\"><div role=\"group\" class=\"forminator-field required\" aria-labelledby=\"forminator-checkbox-group-forminator-field-checkbox-2-69f1adfeb28a5-label\"><span id=\"forminator-checkbox-group-forminator-field-checkbox-2-69f1adfeb28a5-label\" class=\"forminator-label\">Kentsel D\u00f6n\u00fc\u015f\u00fcm Apartman Karar\u0131 <span class=\"forminator-required\">*<\/span><\/span><label id=\"forminator-field-checkbox-2-1-69f1adfeb28a5-label\" for=\"forminator-field-checkbox-2-1-69f1adfeb28a5\" class=\"forminator-checkbox\" title=\"Karar Al\u0131nd\u0131\"><input type=\"checkbox\" name=\"checkbox-2[]\" value=\"karar-alindi\" id=\"forminator-field-checkbox-2-1-69f1adfeb28a5\" aria-labelledby=\"forminator-field-checkbox-2-1-69f1adfeb28a5-label\" data-calculation=\"0\"   data-hidden-behavior=\"zero\"\/><span class=\"forminator-checkbox-box\" aria-hidden=\"true\"><\/span><span class=\"forminator-checkbox-label\">Karar Al\u0131nd\u0131<\/span><\/label><label id=\"forminator-field-checkbox-2-2-69f1adfeb28a5-label\" for=\"forminator-field-checkbox-2-2-69f1adfeb28a5\" class=\"forminator-checkbox\" title=\"Karar Al\u0131nmad\u0131\"><input type=\"checkbox\" name=\"checkbox-2[]\" value=\"karar-alinmadi\" id=\"forminator-field-checkbox-2-2-69f1adfeb28a5\" aria-labelledby=\"forminator-field-checkbox-2-2-69f1adfeb28a5-label\" data-calculation=\"0\"   data-hidden-behavior=\"zero\"\/><span class=\"forminator-checkbox-box\" aria-hidden=\"true\"><\/span><span class=\"forminator-checkbox-label\">Karar Al\u0131nmad\u0131<\/span><\/label><\/div><\/div><\/div><div class=\"forminator-row\"><div id=\"section-2\" class=\"forminator-field-section forminator-col forminator-col-12\"><div class=\"forminator-field\"><h2 class=\"forminator-title\">Gayrimenkul Bilgileri<\/h2><\/div><\/div><\/div><div class=\"forminator-row\"><div id=\"text-6\" class=\"forminator-field-text forminator-col forminator-col-6\"><div class=\"forminator-field\"><label for=\"forminator-field-text-6_69f1adfeb28a5\" id=\"forminator-field-text-6_69f1adfeb28a5-label\" class=\"forminator-label\">Ada <span class=\"forminator-required\">*<\/span><\/label><input type=\"text\" name=\"text-6\" value=\"\" placeholder=\"\" id=\"forminator-field-text-6_69f1adfeb28a5\" class=\"forminator-input forminator-name--field\" data-required=\"1\" \/><\/div><\/div><div id=\"text-2\" class=\"forminator-field-text forminator-col forminator-col-6\"><div class=\"forminator-field\"><label for=\"forminator-field-text-2_69f1adfeb28a5\" id=\"forminator-field-text-2_69f1adfeb28a5-label\" class=\"forminator-label\">Parsel <span class=\"forminator-required\">*<\/span><\/label><input type=\"text\" name=\"text-2\" value=\"\" placeholder=\"\" id=\"forminator-field-text-2_69f1adfeb28a5\" class=\"forminator-input forminator-name--field\" data-required=\"1\" \/><\/div><\/div><\/div><div class=\"forminator-row\"><div id=\"address-1\" class=\"forminator-field-address forminator-col forminator-col-12\"><div class=\"forminator-row\"><div id=\"address-1-street_address\" class=\"forminator-col\"><div class=\"forminator-field\"><label for=\"forminator-field-address-1-street_address_69f1adfeb28a5\" id=\"forminator-field-address-1-street_address_69f1adfeb28a5-label\" class=\"forminator-label\">Mahalle\/Cadde\/Sokak <span class=\"forminator-required\">*<\/span><\/label><input type=\"text\" name=\"address-1-street_address\" placeholder=\"\" id=\"forminator-field-address-1-street_address_69f1adfeb28a5\" class=\"forminator-input\" data-required=\"1\" aria-required=\"true\" autocomplete=\"address-line1\" value=\"\" \/><\/div><\/div><\/div><div class=\"forminator-row\" data-multiple=\"true\"><div id=\"address-1-city\" class=\"forminator-col forminator-col-6\"><div class=\"forminator-field\"><label for=\"forminator-field-address-1-city_69f1adfeb28a5\" id=\"forminator-field-address-1-city_69f1adfeb28a5-label\" class=\"forminator-label\">\u0130l <span class=\"forminator-required\">*<\/span><\/label><input type=\"text\" name=\"address-1-city\" placeholder=\"\" id=\"forminator-field-address-1-city_69f1adfeb28a5\" class=\"forminator-input\" data-required=\"1\" aria-required=\"true\" autocomplete=\"address-level2\" value=\"\" \/><\/div><\/div><div id=\"address-1-state\" class=\"forminator-col forminator-col-6\"><div class=\"forminator-field\"><label for=\"forminator-field-address-1-state_69f1adfeb28a5\" id=\"forminator-field-address-1-state_69f1adfeb28a5-label\" class=\"forminator-label\">\u0130l\u00e7e <span class=\"forminator-required\">*<\/span><\/label><input type=\"text\" name=\"address-1-state\" placeholder=\"\" id=\"forminator-field-address-1-state_69f1adfeb28a5\" class=\"forminator-input\" data-required=\"1\" aria-required=\"true\" autocomplete=\"address-level1\" value=\"\" \/><\/div><\/div><\/div><\/div><\/div><div class=\"forminator-row\"><div id=\"checkbox-4\" class=\"forminator-field-checkbox forminator-col forminator-col-6\"><div role=\"group\" class=\"forminator-field required\" aria-labelledby=\"forminator-checkbox-group-forminator-field-checkbox-4-69f1adfeb28a5-label\"><span id=\"forminator-checkbox-group-forminator-field-checkbox-4-69f1adfeb28a5-label\" class=\"forminator-label\">Mevcut Evraklar\u0131n\u0131z <span class=\"forminator-required\">*<\/span><\/span><label id=\"forminator-field-checkbox-4-1-69f1adfeb28a5-label\" for=\"forminator-field-checkbox-4-1-69f1adfeb28a5\" class=\"forminator-checkbox forminator-checkbox-inline\" title=\"Tapu\"><input type=\"checkbox\" name=\"checkbox-4[]\" value=\"tapu\" id=\"forminator-field-checkbox-4-1-69f1adfeb28a5\" aria-labelledby=\"forminator-field-checkbox-4-1-69f1adfeb28a5-label\" data-calculation=\"0\"   data-hidden-behavior=\"zero\"\/><span class=\"forminator-checkbox-box\" aria-hidden=\"true\"><\/span><span class=\"forminator-checkbox-label\">Tapu<\/span><\/label><label id=\"forminator-field-checkbox-4-2-69f1adfeb28a5-label\" for=\"forminator-field-checkbox-4-2-69f1adfeb28a5\" class=\"forminator-checkbox forminator-checkbox-inline\" title=\"Mevcut Proje\"><input type=\"checkbox\" name=\"checkbox-4[]\" value=\"mevcut-proje\" id=\"forminator-field-checkbox-4-2-69f1adfeb28a5\" aria-labelledby=\"forminator-field-checkbox-4-2-69f1adfeb28a5-label\" data-calculation=\"0\"   data-hidden-behavior=\"zero\"\/><span class=\"forminator-checkbox-box\" aria-hidden=\"true\"><\/span><span class=\"forminator-checkbox-label\">Mevcut Proje<\/span><\/label><label id=\"forminator-field-checkbox-4-3-69f1adfeb28a5-label\" for=\"forminator-field-checkbox-4-3-69f1adfeb28a5\" class=\"forminator-checkbox forminator-checkbox-inline\" title=\"\u0130mar Durumu\"><input type=\"checkbox\" name=\"checkbox-4[]\" value=\"imar-durumu\" id=\"forminator-field-checkbox-4-3-69f1adfeb28a5\" aria-labelledby=\"forminator-field-checkbox-4-3-69f1adfeb28a5-label\" data-calculation=\"0\"   data-hidden-behavior=\"zero\"\/><span class=\"forminator-checkbox-box\" aria-hidden=\"true\"><\/span><span class=\"forminator-checkbox-label\">\u0130mar Durumu<\/span><\/label><label id=\"forminator-field-checkbox-4-4-69f1adfeb28a5-label\" for=\"forminator-field-checkbox-4-4-69f1adfeb28a5\" class=\"forminator-checkbox forminator-checkbox-inline\" title=\"Aplikasyon Krokisi\"><input type=\"checkbox\" name=\"checkbox-4[]\" value=\"aplikasyon-krokisi\" id=\"forminator-field-checkbox-4-4-69f1adfeb28a5\" aria-labelledby=\"forminator-field-checkbox-4-4-69f1adfeb28a5-label\" data-calculation=\"0\"   data-hidden-behavior=\"zero\"\/><span class=\"forminator-checkbox-box\" aria-hidden=\"true\"><\/span><span class=\"forminator-checkbox-label\">Aplikasyon Krokisi<\/span><\/label><label id=\"forminator-field-checkbox-4-5-69f1adfeb28a5-label\" for=\"forminator-field-checkbox-4-5-69f1adfeb28a5\" class=\"forminator-checkbox forminator-checkbox-inline\" title=\"Hi\u00e7biri\"><input type=\"checkbox\" name=\"checkbox-4[]\" value=\"hicbiri\" id=\"forminator-field-checkbox-4-5-69f1adfeb28a5\" aria-labelledby=\"forminator-field-checkbox-4-5-69f1adfeb28a5-label\" data-calculation=\"0\"   data-hidden-behavior=\"zero\"\/><span class=\"forminator-checkbox-box\" aria-hidden=\"true\"><\/span><span class=\"forminator-checkbox-label\">Hi\u00e7biri<\/span><\/label><\/div><\/div><div id=\"checkbox-3\" class=\"forminator-field-checkbox forminator-col forminator-col-6\"><div role=\"group\" class=\"forminator-field required\" aria-labelledby=\"forminator-checkbox-group-forminator-field-checkbox-3-69f1adfeb28a5-label\"><span id=\"forminator-checkbox-group-forminator-field-checkbox-3-69f1adfeb28a5-label\" class=\"forminator-label\">Ticari B\u00f6l\u00fcm Var m\u0131 ? <span class=\"forminator-required\">*<\/span><\/span><label id=\"forminator-field-checkbox-3-1-69f1adfeb28a5-label\" for=\"forminator-field-checkbox-3-1-69f1adfeb28a5\" class=\"forminator-checkbox forminator-checkbox-inline\" title=\"Yes\"><input type=\"checkbox\" name=\"checkbox-3[]\" value=\"var\" id=\"forminator-field-checkbox-3-1-69f1adfeb28a5\" aria-labelledby=\"forminator-field-checkbox-3-1-69f1adfeb28a5-label\" data-calculation=\"0\"   data-hidden-behavior=\"zero\"\/><span class=\"forminator-checkbox-box\" aria-hidden=\"true\"><\/span><span class=\"forminator-checkbox-label\">Yes<\/span><\/label><label id=\"forminator-field-checkbox-3-2-69f1adfeb28a5-label\" for=\"forminator-field-checkbox-3-2-69f1adfeb28a5\" class=\"forminator-checkbox forminator-checkbox-inline\" title=\"No\"><input type=\"checkbox\" name=\"checkbox-3[]\" value=\"yok\" id=\"forminator-field-checkbox-3-2-69f1adfeb28a5\" aria-labelledby=\"forminator-field-checkbox-3-2-69f1adfeb28a5-label\" data-calculation=\"0\"   data-hidden-behavior=\"zero\"\/><span class=\"forminator-checkbox-box\" aria-hidden=\"true\"><\/span><span class=\"forminator-checkbox-label\">No<\/span><\/label><\/div><\/div><\/div><div class=\"forminator-row\"><div id=\"textarea-1\" class=\"forminator-field-textarea forminator-col forminator-col-12\"><div class=\"forminator-field\"><label for=\"forminator-field-textarea-1_69f1adfeb28a5\" id=\"forminator-field-textarea-1_69f1adfeb28a5-label\" class=\"forminator-label\">Eklemek \u0130stedikleriniz<\/label><textarea name=\"textarea-1\" placeholder=\"\" id=\"forminator-field-textarea-1_69f1adfeb28a5\" class=\"forminator-textarea\" rows=\"6\" style=\"--forminator-textarea-min-height:140px;\" ><\/textarea><\/div><\/div><\/div><div class=\"forminator-row\"><div id=\"text-5\" class=\"forminator-field-text forminator-col forminator-col-12\"><div class=\"forminator-field\"><label for=\"forminator-field-text-5_69f1adfeb28a5\" id=\"forminator-field-text-5_69f1adfeb28a5-label\" class=\"forminator-label\">Bizi nereden duydunuz ?<\/label><input type=\"text\" name=\"text-5\" value=\"\" placeholder=\"\" id=\"forminator-field-text-5_69f1adfeb28a5\" class=\"forminator-input forminator-name--field\" data-required=\"\" \/><\/div><\/div><\/div><div class=\"forminator-row\"><div id=\"consent-1\" class=\"forminator-field-consent forminator-col forminator-col-12\"><div class=\"forminator-field\"><label for=\"forminator-field-consent-1_69f1adfeb28a5\" id=\"forminator-field-consent-1_69f1adfeb28a5-label\" class=\"forminator-label\">KVKK <span class=\"forminator-required\">*<\/span><\/label><div class=\"forminator-checkbox__wrapper\"><label id=\"forminator-field-consent-1_69f1adfeb28a5__label\" class=\"forminator-checkbox forminator-consent\"><input type=\"checkbox\" name=\"consent-1\" id=\"forminator-field-consent-1_69f1adfeb28a5\" value=\"checked\" aria-labelledby=\"forminator-field-consent-1_69f1adfeb28a5-label\" aria-describedby=\"forminator-field-consent-1_69f1adfeb28a5__description\" data-required=\"true\" aria-required=\"true\" \/><span class=\"forminator-checkbox-box\" aria-hidden=\"true\"><\/span><\/label><div id=\"forminator-field-consent-1_69f1adfeb28a5__description\" class=\"forminator-checkbox__label forminator-consent__label\"><p>Evet, <a rel=\"noopener\" target=\"_blank\" href=\"https:\/\/taskinlar.com.tr\/en\/hakkimizda\/kvkk\/#1614633835251-7a9c86ac-2d8f\">\u0130nternet Sitesi Ziyaret\u00e7i Ayd\u0131nlatma Metni<\/a>'ni okudum ve kabul ediyorum.<\/p><\/div><\/div><\/div><\/div><\/div><div class=\"forminator-row\" style=\"margin: 0;\"><\/div><input type=\"hidden\" name=\"referer_url\" value=\"\" \/><div class=\"forminator-row forminator-row-last\"><div class=\"forminator-col\"><div class=\"forminator-field\"><button class=\"forminator-button forminator-button-submit\">\u015eimdi Ba\u015fvur<\/button><\/div><\/div><\/div><input type=\"hidden\" id=\"forminator_nonce\" name=\"forminator_nonce\" value=\"c088fdaefc\" \/><input type=\"hidden\" name=\"_wp_http_referer\" value=\"\/en\/wp-json\/wp\/v2\/pages\/3281\" \/><input type=\"hidden\" name=\"form_id\" value=\"3280\"><input type=\"hidden\" name=\"page_id\" value=\"3281\"><input type=\"hidden\" name=\"form_type\" value=\"default\"><input type=\"hidden\" name=\"current_url\" value=\"https:\/\/taskinlar.com.tr\/en\/kentsel-donusum-basvuru-formu\/\"><input type=\"hidden\" name=\"render_id\" value=\"0\"><input type=\"hidden\" name=\"action\" value=\"forminator_submit_form_custom-forms\"><input type=\"hidden\" name=\"trp-form-language\" value=\"en\"\/><\/form><\/div><\/div><\/div>\t\t\t\t\t\t\t<\/div>\n\t\t\t\n\t\t<\/div>\n<\/div>","protected":false},"excerpt":{"rendered":"Ki\u015fisel BilgilerAd\u0131n\u0131z *Soyad\u0131n\u0131z *E-posta Adresiniz *Telefon *G\u00f6reviniz *Kat MalikiHeyet \/ Komisyon \u00dcyesiApt. veya Site Y\u00f6neticisiKentsel D\u00f6n\u00fc\u015f\u00fcm Apartman Karar\u0131 *Karar Al\u0131nd\u0131Karar Al\u0131nmad\u0131Gayrimenkul BilgileriAda *Parsel *Mahalle\/Cadde\/Sokak *\u0130l *\u0130l\u00e7e *Mevcut Evraklar\u0131n\u0131z *TapuMevcut Proje\u0130mar DurumuAplikasyon KrokisiHi\u00e7biriTicari B\u00f6l\u00fcm Var m\u0131 ? *VarYokEklemek \u0130stediklerinizBizi nereden duydunuz ?KVKK *Evet, \u0130nternet Sitesi Ziyaret\u00e7i Ayd\u0131nlatma Metni'ni okudum ve kabul ediyorum.\u015eimdi Ba\u015fvur","protected":false},"author":1,"featured_media":0,"parent":0,"menu_order":0,"comment_status":"closed","ping_status":"closed","template":"","meta":{"footnotes":""},"class_list":["post-3281","page","type-page","status-publish","hentry"],"_links":{"self":[{"href":"https:\/\/taskinlar.com.tr\/en\/wp-json\/wp\/v2\/pages\/3281","targetHints":{"allow":["GET"]}}],"collection":[{"href":"https:\/\/taskinlar.com.tr\/en\/wp-json\/wp\/v2\/pages"}],"about":[{"href":"https:\/\/taskinlar.com.tr\/en\/wp-json\/wp\/v2\/types\/page"}],"author":[{"embeddable":true,"href":"https:\/\/taskinlar.com.tr\/en\/wp-json\/wp\/v2\/users\/1"}],"replies":[{"embeddable":true,"href":"https:\/\/taskinlar.com.tr\/en\/wp-json\/wp\/v2\/comments?post=3281"}],"version-history":[{"count":4,"href":"https:\/\/taskinlar.com.tr\/en\/wp-json\/wp\/v2\/pages\/3281\/revisions"}],"predecessor-version":[{"id":3288,"href":"https:\/\/taskinlar.com.tr\/en\/wp-json\/wp\/v2\/pages\/3281\/revisions\/3288"}],"wp:attachment":[{"href":"https:\/\/taskinlar.com.tr\/en\/wp-json\/wp\/v2\/media?parent=3281"}],"curies":[{"name":"wp","href":"https:\/\/api.w.org\/{rel}","templated":true}]}}