{"id":989,"date":"2017-08-25T08:39:40","date_gmt":"2017-08-25T05:39:40","guid":{"rendered":"http:\/\/localhost\/wordpress\/?page_id=989"},"modified":"2021-02-20T02:48:36","modified_gmt":"2021-02-19T23:48:36","slug":"musteriyorum","status":"publish","type":"page","link":"https:\/\/taskinlar.com.tr\/en\/musteriyorum\/","title":{"rendered":"M\u00fc\u015fteri Yorumlar\u0131"},"content":{"rendered":"<div class=\"wpb-content-wrapper\">\t\t<div class=\"vc_row wpb_row vc_row-fluid vc_custom_1504692206118 vc_row-has-fill gf-bg-overlay-wrap gf-skin skin-light\">\n                            <div class=\"gf-bg-overlay\" style=\"background-color:rgba(252,252,252,0.95)\"><\/div>\n            \t\t\t\t\t\t\t<div class=\"gf-container container\">\n\t\t\t\t\t\t\t\t<div class=\"wpb_column vc_column_container vc_col-sm-12 vc_col-lg-offset-2 vc_col-lg-8 vc_col-md-12\"><div class=\"vc_column-inner\"><div class=\"wpb_wrapper\"><div class=\"g5plus-space space-69fb0e41ed56e\" data-id=\"69fb0e41ed56e\" data-tablet=\"80\" data-tablet-portrait=\"70\" data-mobile=\"60\" data-mobile-landscape=\"60\" style=\"clear: both; display: block; height: 100px\"><\/div>\n<div class=\"g5plus-testimonials testimonials-avatar-slider-horizontal clearfix\">\n\t\t<div class=\"testimonials-avatar-wrap avatar-active-3\">\n\t\t<div class=\"owl-carousel manual testimonials-avatar-slider clearfix\"\n\t\t\t data-item-active=\"3\">\n\t\t\t\t\t\t\t\t\t\t<div class=\"tes-avatar-item\" data-index=\"0\">\n\t\t\t\t\t\t\t\t\t<\/div>\n\t\t\t\t\t\t\t\t\t\t\t<div class=\"tes-avatar-item\" data-index=\"1\">\n\t\t\t\t\t\t\t\t\t\t\t<img decoding=\"async\" data-src=\"https:\/\/taskinlar.com.tr\/wp-content\/uploads\/2017\/08\/avatar2-44x44.jpg\" alt=\"John Doe\" src=\"data:image\/svg+xml;base64,PHN2ZyB3aWR0aD0iMSIgaGVpZ2h0PSIxIiB4bWxucz0iaHR0cDovL3d3dy53My5vcmcvMjAwMC9zdmciPjwvc3ZnPg==\" class=\"lazyload\" style=\"--smush-placeholder-width: 44px; --smush-placeholder-aspect-ratio: 44\/44;\">\n\t\t\t\t\t\t\t\t\t<\/div>\n\t\t\t\t\t\t\t\t\t\t\t<div class=\"tes-avatar-item\" data-index=\"2\">\n\t\t\t\t\t\t\t\t\t\t\t<img decoding=\"async\" data-src=\"https:\/\/taskinlar.com.tr\/wp-content\/uploads\/2017\/08\/avatar4-44x44.jpg\" alt=\"John Doe\" src=\"data:image\/svg+xml;base64,PHN2ZyB3aWR0aD0iMSIgaGVpZ2h0PSIxIiB4bWxucz0iaHR0cDovL3d3dy53My5vcmcvMjAwMC9zdmciPjwvc3ZnPg==\" class=\"lazyload\" style=\"--smush-placeholder-width: 44px; --smush-placeholder-aspect-ratio: 44\/44;\">\n\t\t\t\t\t\t\t\t\t<\/div>\n\t\t\t\t\t\t\t\t\t\t\t<div class=\"tes-avatar-item\" data-index=\"3\">\n\t\t\t\t\t\t\t\t\t\t\t<img decoding=\"async\" data-src=\"https:\/\/taskinlar.com.tr\/wp-content\/uploads\/2017\/08\/avatar3-44x44.jpg\" alt=\"John Doe\" src=\"data:image\/svg+xml;base64,PHN2ZyB3aWR0aD0iMSIgaGVpZ2h0PSIxIiB4bWxucz0iaHR0cDovL3d3dy53My5vcmcvMjAwMC9zdmciPjwvc3ZnPg==\" class=\"lazyload\" style=\"--smush-placeholder-width: 44px; --smush-placeholder-aspect-ratio: 44\/44;\">\n\t\t\t\t\t\t\t\t\t<\/div>\n\t\t\t\t\t\t\t\t\t<\/div>\n\t<\/div>\n\t\n<div class=\"owl-carousel manual testimonials-quoter-slider clearfix\">\n                <div class=\"testimonial-item\" data-index-single=\"0\">\n\t\t\t<div class=\"tes-avatar-item\">\n\t\t\t\t\t\t\t<\/div>\n\t\t\t<div class=\"test-item-content-wrap\">\n\t\t\t\t<div class=\"test-item-content\">\n\t\t\t\t\t\t\t\t\t\t\t<h4 class=\"title primary-font fs-20 fw-normal\">A Truly Amazing Exprience<\/h4>\n\t\t\t\t\t\t\t\t\t\t\t\t\t\t\t\t<p>\u201cWe have carefully assembled a project team comprised of the nation\u2019s top laboratory design and building professionals and are delighted to have BestBuild execute our vision for this unprecendented facility.\u201d<\/p>\n\t\t\t\t\t\t\t\t\t<\/div>\n\t\t\t\t\t\t\t\t\t<div class=\"test-item-info clearfix\">\n\t\t\t\t\t\t<div class=\"test-item-info-text\">\n\t\t\t\t\t\t\t\t\t\t\t\t\t\t\t<h5 class=\"fs-18 fw-bold\">\n\t\t\t\t\t\t\t\t\t\t\t\t\t\t\t\t\t\t<a href=\"#\">\n\t\t\t\t\t\t\t\t\t\tJohn Doe\t\t\t\t\t\t\t\t\t<\/a>\n\t\t\t\t\t\t\t\t\t\t\t\t\t\t\t\t<\/h5>\n\t\t\t\t\t\t\t\t\t\t\t\t\t\t\t\t\t\t\t\t\t\t<span class=\"heading_font accent-color\">- Project Manager<\/span>\n\t\t\t\t\t\t\t\t\t\t\t\t\t<\/div>\n\t\t\t\t\t<\/div>\n\t\t\t\t\t\t\t<\/div>\n        <\/div>\n                    <div class=\"testimonial-item\" data-index-single=\"1\">\n\t\t\t<div class=\"tes-avatar-item\">\n\t\t\t\t\t\t\t\t\t<img decoding=\"async\" data-src=\"https:\/\/taskinlar.com.tr\/wp-content\/uploads\/2017\/08\/avatar2-122x122.jpg\" alt=\"John Doe\" src=\"data:image\/svg+xml;base64,PHN2ZyB3aWR0aD0iMSIgaGVpZ2h0PSIxIiB4bWxucz0iaHR0cDovL3d3dy53My5vcmcvMjAwMC9zdmciPjwvc3ZnPg==\" class=\"lazyload\" style=\"--smush-placeholder-width: 122px; --smush-placeholder-aspect-ratio: 122\/122;\">\n\t\t\t\t\t\t\t<\/div>\n\t\t\t<div class=\"test-item-content-wrap\">\n\t\t\t\t<div class=\"test-item-content\">\n\t\t\t\t\t\t\t\t\t\t\t<h4 class=\"title primary-font fs-20 fw-normal\">A Truly Amazing Exprience<\/h4>\n\t\t\t\t\t\t\t\t\t\t\t\t\t\t\t\t<p>\u201cWe have carefully assembled a project team comprised of the nation\u2019s top laboratory design and building professionals and are delighted to have BestBuild execute our vision for this unprecendented facility.\u201d<\/p>\n\t\t\t\t\t\t\t\t\t<\/div>\n\t\t\t\t\t\t\t\t\t<div class=\"test-item-info clearfix\">\n\t\t\t\t\t\t<div class=\"test-item-info-text\">\n\t\t\t\t\t\t\t\t\t\t\t\t\t\t\t<h5 class=\"fs-18 fw-bold\">\n\t\t\t\t\t\t\t\t\t\t\t\t\t\t\t\t\t\t<a href=\"#\">\n\t\t\t\t\t\t\t\t\t\tJohn Doe\t\t\t\t\t\t\t\t\t<\/a>\n\t\t\t\t\t\t\t\t\t\t\t\t\t\t\t\t<\/h5>\n\t\t\t\t\t\t\t\t\t\t\t\t\t\t\t\t\t\t\t\t\t\t<span class=\"heading_font accent-color\">- Project Manager<\/span>\n\t\t\t\t\t\t\t\t\t\t\t\t\t<\/div>\n\t\t\t\t\t<\/div>\n\t\t\t\t\t\t\t<\/div>\n        <\/div>\n                    <div class=\"testimonial-item\" data-index-single=\"2\">\n\t\t\t<div class=\"tes-avatar-item\">\n\t\t\t\t\t\t\t\t\t<img decoding=\"async\" data-src=\"https:\/\/taskinlar.com.tr\/wp-content\/uploads\/2017\/08\/avatar4-122x122.jpg\" alt=\"John Doe\" src=\"data:image\/svg+xml;base64,PHN2ZyB3aWR0aD0iMSIgaGVpZ2h0PSIxIiB4bWxucz0iaHR0cDovL3d3dy53My5vcmcvMjAwMC9zdmciPjwvc3ZnPg==\" class=\"lazyload\" style=\"--smush-placeholder-width: 122px; --smush-placeholder-aspect-ratio: 122\/122;\">\n\t\t\t\t\t\t\t<\/div>\n\t\t\t<div class=\"test-item-content-wrap\">\n\t\t\t\t<div class=\"test-item-content\">\n\t\t\t\t\t\t\t\t\t\t\t<h4 class=\"title primary-font fs-20 fw-normal\">A Truly Amazing Exprience<\/h4>\n\t\t\t\t\t\t\t\t\t\t\t\t\t\t\t\t<p>\u201cWe have carefully assembled a project team comprised of the nation\u2019s top laboratory design and building professionals and are delighted to have BestBuild execute our vision for this unprecendented facility.\u201d<\/p>\n\t\t\t\t\t\t\t\t\t<\/div>\n\t\t\t\t\t\t\t\t\t<div class=\"test-item-info clearfix\">\n\t\t\t\t\t\t<div class=\"test-item-info-text\">\n\t\t\t\t\t\t\t\t\t\t\t\t\t\t\t<h5 class=\"fs-18 fw-bold\">\n\t\t\t\t\t\t\t\t\t\t\t\t\t\t\t\t\t\t<a href=\"#\">\n\t\t\t\t\t\t\t\t\t\tJohn Doe\t\t\t\t\t\t\t\t\t<\/a>\n\t\t\t\t\t\t\t\t\t\t\t\t\t\t\t\t<\/h5>\n\t\t\t\t\t\t\t\t\t\t\t\t\t\t\t\t\t\t\t\t\t\t<span class=\"heading_font accent-color\">- Project Manager<\/span>\n\t\t\t\t\t\t\t\t\t\t\t\t\t<\/div>\n\t\t\t\t\t<\/div>\n\t\t\t\t\t\t\t<\/div>\n        <\/div>\n                    <div class=\"testimonial-item\" data-index-single=\"3\">\n\t\t\t<div class=\"tes-avatar-item\">\n\t\t\t\t\t\t\t\t\t<img decoding=\"async\" data-src=\"https:\/\/taskinlar.com.tr\/wp-content\/uploads\/2017\/08\/avatar3-122x122.jpg\" alt=\"John Doe\" src=\"data:image\/svg+xml;base64,PHN2ZyB3aWR0aD0iMSIgaGVpZ2h0PSIxIiB4bWxucz0iaHR0cDovL3d3dy53My5vcmcvMjAwMC9zdmciPjwvc3ZnPg==\" class=\"lazyload\" style=\"--smush-placeholder-width: 122px; --smush-placeholder-aspect-ratio: 122\/122;\">\n\t\t\t\t\t\t\t<\/div>\n\t\t\t<div class=\"test-item-content-wrap\">\n\t\t\t\t<div class=\"test-item-content\">\n\t\t\t\t\t\t\t\t\t\t\t<h4 class=\"title primary-font fs-20 fw-normal\">A Truly Amazing Exprience<\/h4>\n\t\t\t\t\t\t\t\t\t\t\t\t\t\t\t\t<p>\u201cWe have carefully assembled a project team comprised of the nation\u2019s top laboratory design and building professionals and are delighted to have BestBuild execute our vision for this unprecendented facility.\u201d<\/p>\n\t\t\t\t\t\t\t\t\t<\/div>\n\t\t\t\t\t\t\t\t\t<div class=\"test-item-info clearfix\">\n\t\t\t\t\t\t<div class=\"test-item-info-text\">\n\t\t\t\t\t\t\t\t\t\t\t\t\t\t\t<h5 class=\"fs-18 fw-bold\">\n\t\t\t\t\t\t\t\t\t\t\t\t\t\t\t\t\t\t<a href=\"#\">\n\t\t\t\t\t\t\t\t\t\tJohn Doe\t\t\t\t\t\t\t\t\t<\/a>\n\t\t\t\t\t\t\t\t\t\t\t\t\t\t\t\t<\/h5>\n\t\t\t\t\t\t\t\t\t\t\t\t\t\t\t\t\t\t\t\t\t\t<span class=\"heading_font accent-color\">- Project Manager<\/span>\n\t\t\t\t\t\t\t\t\t\t\t\t\t<\/div>\n\t\t\t\t\t<\/div>\n\t\t\t\t\t\t\t<\/div>\n        <\/div>\n            <\/div>\n<\/div>\n<div class=\"g5plus-space space-69fb0e41efce1\" data-id=\"69fb0e41efce1\" data-tablet=\"80\" data-tablet-portrait=\"70\" data-mobile=\"60\" data-mobile-landscape=\"60\" style=\"clear: both; display: block; height: 95px\"><\/div><\/div><\/div><\/div><div class=\"wpb_column vc_column_container vc_col-sm-12\"><div class=\"vc_column-inner\"><div class=\"wpb_wrapper\"><div class=\"vc_row wpb_row vc_inner vc_row-fluid\"><div class=\"wpb_column vc_column_container vc_col-sm-6 vc_col-md-3\"><div class=\"vc_column-inner\"><div class=\"wpb_wrapper\">\n<div class=\"g5plus-counter\">\n\t\t\t<div class=\"ct-icon-shape\">\n\t\t\t<div class=\"fs-40 ct-icon\"><i class=\"flaticon-broker\"><\/i><\/div>\n\t\t<\/div>\n\t\t<div class=\"ct-content\">\n\t\t\t\t\t<h4 class=\"counterup fs-38 mg-bottom-0 mg-top-0\" data-start=\"100\"\n\t\t\t\t  data-end=\"70\" data-decimals=\"\"\n\t\t\t\t  data-duration=\"2,5\" data-separator=\"\"\n\t\t\t\t  data-decimal=\"\" data-prefix=\"\"\n\t\t\t\t  data-suffix=\"k\">70<span class=\"fs-24\">k<\/span><\/h4>\n\t\t\t\t\t\t\t<span class=\"mg-bottom-0 fs-14 mg-top-0 heading_font\">Construction Happy Customers<\/span>\n\t\t\t<\/div>\n<\/div><\/div><\/div><\/div><div class=\"xs-mg-top-20 wpb_column vc_column_container vc_col-sm-6 vc_col-md-3\"><div class=\"vc_column-inner\"><div class=\"wpb_wrapper\">\n<div class=\"g5plus-counter\">\n\t\t\t<div class=\"ct-icon-shape\">\n\t\t\t<div class=\"fs-40 ct-icon\"><i class=\"flaticon-house-10\"><\/i><\/div>\n\t\t<\/div>\n\t\t<div class=\"ct-content\">\n\t\t\t\t\t<h4 class=\"counterup fs-38 mg-bottom-0 mg-top-0\" data-start=\"0\"\n\t\t\t\t  data-end=\"18\" data-decimals=\"0\"\n\t\t\t\t  data-duration=\"2,5\" data-separator=\"\"\n\t\t\t\t  data-decimal=\"\" data-prefix=\"\"\n\t\t\t\t  data-suffix=\"\">18<span class=\"fs-24\"><\/span><\/h4>\n\t\t\t\t\t\t\t<span class=\"mg-bottom-0 fs-14 mg-top-0 heading_font\">Years of Experiences<\/span>\n\t\t\t<\/div>\n<\/div><\/div><\/div><\/div><div class=\"xs-mg-top-20 sm-mg-top-30 wpb_column vc_column_container vc_col-sm-6 vc_col-md-3\"><div class=\"vc_column-inner\"><div class=\"wpb_wrapper\">\n<div class=\"g5plus-counter\">\n\t\t\t<div class=\"ct-icon-shape\">\n\t\t\t<div class=\"fs-40 ct-icon\"><i class=\"flaticon-engineer-1\"><\/i><\/div>\n\t\t<\/div>\n\t\t<div class=\"ct-content\">\n\t\t\t\t\t<h4 class=\"counterup fs-38 mg-bottom-0 mg-top-0\" data-start=\"10\"\n\t\t\t\t  data-end=\"100\" data-decimals=\"0\"\n\t\t\t\t  data-duration=\"2,5\" data-separator=\"\"\n\t\t\t\t  data-decimal=\"\" data-prefix=\"\"\n\t\t\t\t  data-suffix=\"+\">100<span class=\"fs-24\">+<\/span><\/h4>\n\t\t\t\t\t\t\t<span class=\"mg-bottom-0 fs-14 mg-top-0 heading_font\">rofessional contructer<\/span>\n\t\t\t<\/div>\n<\/div><\/div><\/div><\/div><div class=\"xs-mg-top-20 sm-mg-top-30 wpb_column vc_column_container vc_col-sm-6 vc_col-md-3\"><div class=\"vc_column-inner\"><div class=\"wpb_wrapper\">\n<div class=\"g5plus-counter\">\n\t\t\t<div class=\"ct-icon-shape\">\n\t\t\t<div class=\"fs-40 ct-icon\"><i class=\"flaticon-helmet-1\"><\/i><\/div>\n\t\t<\/div>\n\t\t<div class=\"ct-content\">\n\t\t\t\t\t<h4 class=\"counterup fs-38 mg-bottom-0 mg-top-0\" data-start=\"0\"\n\t\t\t\t  data-end=\"50\" data-decimals=\"0\"\n\t\t\t\t  data-duration=\"2,5\" data-separator=\"\"\n\t\t\t\t  data-decimal=\"\" data-prefix=\"\"\n\t\t\t\t  data-suffix=\"+\">50<span class=\"fs-24\">+<\/span><\/h4>\n\t\t\t\t\t\t\t<span class=\"mg-bottom-0 fs-14 mg-top-0 heading_font\">Projects Completed<\/span>\n\t\t\t<\/div>\n<\/div><\/div><\/div><\/div><\/div><\/div><\/div><\/div><div class=\"wpb_column vc_column_container vc_col-sm-12\"><div class=\"vc_column-inner\"><div class=\"wpb_wrapper\"><div class=\"g5plus-space space-69fb0e41f2acb\" data-id=\"69fb0e41f2acb\" data-tablet=\"80\" data-tablet-portrait=\"70\" data-mobile=\"60\" data-mobile-landscape=\"60\" style=\"clear: both; display: block; height: 95px\"><\/div><\/div><\/div><\/div>\t\t\t\t\t\t\t<\/div>\n\t\t\t\n\t\t<\/div>\n\n<\/div>","protected":false},"excerpt":{"rendered":"A Truly Amazing Exprience \u201cWe have carefully assembled a project team comprised of the nation\u2019s top laboratory design and building professionals and are delighted to have BestBuild execute our vision for this unprecendented facility.\u201d John Doe - Project Manager A Truly Amazing Exprience \u201cWe have carefully assembled a project team comprised of the nation\u2019s top [...]","protected":false},"author":1,"featured_media":0,"parent":0,"menu_order":0,"comment_status":"closed","ping_status":"closed","template":"","meta":{"footnotes":""},"class_list":["post-989","page","type-page","status-publish","hentry"],"_links":{"self":[{"href":"https:\/\/taskinlar.com.tr\/en\/wp-json\/wp\/v2\/pages\/989","targetHints":{"allow":["GET"]}}],"collection":[{"href":"https:\/\/taskinlar.com.tr\/en\/wp-json\/wp\/v2\/pages"}],"about":[{"href":"https:\/\/taskinlar.com.tr\/en\/wp-json\/wp\/v2\/types\/page"}],"author":[{"embeddable":true,"href":"https:\/\/taskinlar.com.tr\/en\/wp-json\/wp\/v2\/users\/1"}],"replies":[{"embeddable":true,"href":"https:\/\/taskinlar.com.tr\/en\/wp-json\/wp\/v2\/comments?post=989"}],"version-history":[{"count":0,"href":"https:\/\/taskinlar.com.tr\/en\/wp-json\/wp\/v2\/pages\/989\/revisions"}],"wp:attachment":[{"href":"https:\/\/taskinlar.com.tr\/en\/wp-json\/wp\/v2\/media?parent=989"}],"curies":[{"name":"wp","href":"https:\/\/api.w.org\/{rel}","templated":true}]}}